{"id":128,"date":"2021-08-11T11:51:13","date_gmt":"2021-08-11T09:51:13","guid":{"rendered":"https:\/\/nowoper.wordpress.com\/?page_id=128"},"modified":"2022-02-22T21:07:24","modified_gmt":"2022-02-22T21:07:24","slug":"thebeautifulguests","status":"publish","type":"page","link":"https:\/\/now.mur.at\/index.php\/thebeautifulguests\/","title":{"rendered":"The Beautiful Guests"},"content":{"rendered":"\n<div class=\"wp-block-cover alignfull is-light has-parallax\" style=\"background-image:url(https:\/\/nowoper.files.wordpress.com\/2021\/08\/btfg0.jpg)\"><span aria-hidden=\"true\" class=\"has-black-background-color wp-block-cover__gradient-background has-background-dim\"><\/span><div class=\"wp-block-cover__inner-container is-layout-flow wp-block-cover-is-layout-flow\">\n<div class=\"wp-block-columns is-layout-flex wp-container-core-columns-is-layout-9d6595d7 wp-block-columns-is-layout-flex\">\n<div class=\"wp-block-column is-layout-flow wp-block-column-is-layout-flow\" style=\"flex-basis:100%\">\n<div class=\"wp-block-group\"><div class=\"wp-block-group__inner-container is-layout-flow wp-block-group-is-layout-flow\">\n<div class=\"wp-block-group\"><div class=\"wp-block-group__inner-container is-layout-flow wp-block-group-is-layout-flow\">\n<p class=\"has-text-align-right has-white-color has-text-color\" style=\"line-height:0\"><strong><a href=\"http:\/\/klang.mur.at\" target=\"_blank\" rel=\"noreferrer noopener\">Klaus Lang<\/a> <\/strong>(AT) | Musik, Idee &amp; Konzept<\/p>\n\n\n\n<p class=\"has-text-align-right has-white-color has-text-color\" style=\"line-height:0\"><strong><a href=\"https:\/\/www.machfeld.net\/#sabine-maier\" target=\"_blank\" rel=\"noreferrer noopener\">Sabine Maier<\/a> <\/strong>(AT) | Bild, Idee &amp; Konzept<\/p>\n\n\n\n<p class=\"has-text-align-right has-white-color has-text-color\" style=\"line-height:0\">mit <strong>Anna Kropfelder<\/strong>, <strong>Yulan Yu<\/strong>, <strong>Hristina Takovska<\/strong><\/p>\n<\/div><\/div>\n<\/div><\/div>\n<\/div>\n<\/div>\n\n\n\n<div style=\"height:20px\" aria-hidden=\"true\" class=\"wp-block-spacer\"><\/div>\n\n\n\n<hr class=\"wp-block-separator has-text-color has-background has-purple-background-color has-purple-color\"\/>\n\n\n\n<p class=\"has-text-align-left has-text-align-center has-white-color has-text-color\">24.-26.01.2013 &amp; 14.12.2013, ESC im Labor, Graz (AT)<\/p>\n\n\n\n<figure class=\"wp-block-gallery has-nested-images columns-4 is-cropped wp-block-gallery-1 is-layout-flex wp-block-gallery-is-layout-flex\">\n<figure class=\"wp-block-image size-large\"><a href=\"https:\/\/now.mur.at\/wp-content\/uploads\/2021\/08\/btfg1.jpg\"><img loading=\"lazy\" decoding=\"async\" width=\"800\" height=\"534\" data-id=\"131\" src=\"http:\/\/now.mur.at\/wp-content\/uploads\/2021\/08\/btfg1.jpg?w=800\" alt=\"\" class=\"wp-image-131\" srcset=\"https:\/\/now.mur.at\/wp-content\/uploads\/2021\/08\/btfg1.jpg 800w, https:\/\/now.mur.at\/wp-content\/uploads\/2021\/08\/btfg1-300x200.jpg 300w, https:\/\/now.mur.at\/wp-content\/uploads\/2021\/08\/btfg1-768x513.jpg 768w\" sizes=\"auto, (max-width: 800px) 100vw, 800px\" \/><\/a><\/figure>\n\n\n\n<figure class=\"wp-block-image size-large\"><a href=\"https:\/\/now.mur.at\/wp-content\/uploads\/2021\/08\/btfg11.jpg\"><img loading=\"lazy\" decoding=\"async\" width=\"800\" height=\"534\" data-id=\"132\" src=\"http:\/\/now.mur.at\/wp-content\/uploads\/2021\/08\/btfg11.jpg?w=800\" alt=\"\" class=\"wp-image-132\" srcset=\"https:\/\/now.mur.at\/wp-content\/uploads\/2021\/08\/btfg11.jpg 800w, https:\/\/now.mur.at\/wp-content\/uploads\/2021\/08\/btfg11-300x200.jpg 300w, https:\/\/now.mur.at\/wp-content\/uploads\/2021\/08\/btfg11-768x513.jpg 768w\" sizes=\"auto, (max-width: 800px) 100vw, 800px\" \/><\/a><\/figure>\n\n\n\n<figure class=\"wp-block-image size-large\"><a href=\"https:\/\/now.mur.at\/wp-content\/uploads\/2021\/08\/btfg111.jpg\"><img loading=\"lazy\" decoding=\"async\" width=\"800\" height=\"534\" data-id=\"133\" src=\"http:\/\/now.mur.at\/wp-content\/uploads\/2021\/08\/btfg111.jpg?w=800\" alt=\"\" class=\"wp-image-133\" srcset=\"https:\/\/now.mur.at\/wp-content\/uploads\/2021\/08\/btfg111.jpg 800w, https:\/\/now.mur.at\/wp-content\/uploads\/2021\/08\/btfg111-300x200.jpg 300w, https:\/\/now.mur.at\/wp-content\/uploads\/2021\/08\/btfg111-768x513.jpg 768w\" sizes=\"auto, (max-width: 800px) 100vw, 800px\" \/><\/a><\/figure>\n\n\n\n<figure class=\"wp-block-image size-large\"><a href=\"https:\/\/now.mur.at\/wp-content\/uploads\/2021\/08\/btfg1111.jpg\"><img loading=\"lazy\" decoding=\"async\" width=\"800\" height=\"534\" data-id=\"134\" src=\"http:\/\/now.mur.at\/wp-content\/uploads\/2021\/08\/btfg1111.jpg?w=800\" alt=\"\" class=\"wp-image-134\" srcset=\"https:\/\/now.mur.at\/wp-content\/uploads\/2021\/08\/btfg1111.jpg 800w, https:\/\/now.mur.at\/wp-content\/uploads\/2021\/08\/btfg1111-300x200.jpg 300w, https:\/\/now.mur.at\/wp-content\/uploads\/2021\/08\/btfg1111-768x513.jpg 768w\" sizes=\"auto, (max-width: 800px) 100vw, 800px\" \/><\/a><\/figure>\n<\/figure>\n\n\n\n<hr class=\"wp-block-separator has-text-color has-background has-purple-background-color has-purple-color\"\/>\n\n\n\n<p class=\"has-text-align-left has-white-color has-text-color\">14.02.2013, Galerie Forum, Wels (AT)<\/p>\n\n\n\n<figure class=\"wp-block-gallery has-nested-images columns-default is-cropped wp-block-gallery-2 is-layout-flex wp-block-gallery-is-layout-flex\">\n<figure class=\"wp-block-image size-large\"><a href=\"https:\/\/now.mur.at\/wp-content\/uploads\/2021\/08\/btfg2.jpg\"><img loading=\"lazy\" decoding=\"async\" width=\"588\" height=\"747\" data-id=\"137\" src=\"http:\/\/now.mur.at\/wp-content\/uploads\/2021\/08\/btfg2.jpg?w=588\" alt=\"\" class=\"wp-image-137\" srcset=\"https:\/\/now.mur.at\/wp-content\/uploads\/2021\/08\/btfg2.jpg 588w, https:\/\/now.mur.at\/wp-content\/uploads\/2021\/08\/btfg2-236x300.jpg 236w\" sizes=\"auto, (max-width: 588px) 100vw, 588px\" \/><\/a><\/figure>\n\n\n\n<figure class=\"wp-block-image size-large\"><a href=\"https:\/\/now.mur.at\/wp-content\/uploads\/2021\/08\/btfg22.jpg\"><img loading=\"lazy\" decoding=\"async\" width=\"705\" height=\"895\" data-id=\"138\" src=\"http:\/\/now.mur.at\/wp-content\/uploads\/2021\/08\/btfg22.jpg?w=705\" alt=\"\" class=\"wp-image-138\" srcset=\"https:\/\/now.mur.at\/wp-content\/uploads\/2021\/08\/btfg22.jpg 705w, https:\/\/now.mur.at\/wp-content\/uploads\/2021\/08\/btfg22-236x300.jpg 236w\" sizes=\"auto, (max-width: 705px) 100vw, 705px\" \/><\/a><\/figure>\n<\/figure>\n\n\n\n<hr class=\"wp-block-separator has-text-color has-background has-purple-background-color has-purple-color\"\/>\n\n\n\n<p class=\"has-white-color has-text-color\">09.07.2013, Treci Beograd, Beograd (SRB)<\/p>\n\n\n\n<figure class=\"wp-block-gallery has-nested-images columns-4 is-cropped wp-block-gallery-3 is-layout-flex wp-block-gallery-is-layout-flex\">\n<figure class=\"wp-block-image size-large\"><a href=\"https:\/\/now.mur.at\/wp-content\/uploads\/2021\/08\/btfg3.jpg\"><img loading=\"lazy\" decoding=\"async\" width=\"960\" height=\"758\" data-id=\"142\" src=\"http:\/\/now.mur.at\/wp-content\/uploads\/2021\/08\/btfg3.jpg?w=960\" alt=\"\" class=\"wp-image-142\" srcset=\"https:\/\/now.mur.at\/wp-content\/uploads\/2021\/08\/btfg3.jpg 960w, https:\/\/now.mur.at\/wp-content\/uploads\/2021\/08\/btfg3-300x237.jpg 300w, https:\/\/now.mur.at\/wp-content\/uploads\/2021\/08\/btfg3-768x606.jpg 768w\" sizes=\"auto, (max-width: 960px) 100vw, 960px\" \/><\/a><\/figure>\n\n\n\n<figure class=\"wp-block-image size-large\"><a href=\"https:\/\/now.mur.at\/wp-content\/uploads\/2021\/08\/btfg33.jpg\"><img loading=\"lazy\" decoding=\"async\" width=\"960\" height=\"617\" data-id=\"143\" src=\"http:\/\/now.mur.at\/wp-content\/uploads\/2021\/08\/btfg33.jpg?w=960\" alt=\"\" class=\"wp-image-143\" srcset=\"https:\/\/now.mur.at\/wp-content\/uploads\/2021\/08\/btfg33.jpg 960w, https:\/\/now.mur.at\/wp-content\/uploads\/2021\/08\/btfg33-300x193.jpg 300w, https:\/\/now.mur.at\/wp-content\/uploads\/2021\/08\/btfg33-768x494.jpg 768w\" sizes=\"auto, (max-width: 960px) 100vw, 960px\" \/><\/a><\/figure>\n\n\n\n<figure class=\"wp-block-image size-large\"><a href=\"https:\/\/now.mur.at\/wp-content\/uploads\/2021\/08\/btfg333.jpg\"><img loading=\"lazy\" decoding=\"async\" width=\"960\" height=\"640\" data-id=\"144\" src=\"http:\/\/now.mur.at\/wp-content\/uploads\/2021\/08\/btfg333.jpg?w=960\" alt=\"\" class=\"wp-image-144\" srcset=\"https:\/\/now.mur.at\/wp-content\/uploads\/2021\/08\/btfg333.jpg 960w, https:\/\/now.mur.at\/wp-content\/uploads\/2021\/08\/btfg333-300x200.jpg 300w, https:\/\/now.mur.at\/wp-content\/uploads\/2021\/08\/btfg333-768x512.jpg 768w\" sizes=\"auto, (max-width: 960px) 100vw, 960px\" \/><\/a><\/figure>\n\n\n\n<figure class=\"wp-block-image size-large\"><a href=\"https:\/\/now.mur.at\/wp-content\/uploads\/2021\/08\/btfg3333.jpg\"><img loading=\"lazy\" decoding=\"async\" width=\"960\" height=\"640\" data-id=\"145\" src=\"http:\/\/now.mur.at\/wp-content\/uploads\/2021\/08\/btfg3333.jpg?w=960\" alt=\"\" class=\"wp-image-145\" srcset=\"https:\/\/now.mur.at\/wp-content\/uploads\/2021\/08\/btfg3333.jpg 960w, https:\/\/now.mur.at\/wp-content\/uploads\/2021\/08\/btfg3333-300x200.jpg 300w, https:\/\/now.mur.at\/wp-content\/uploads\/2021\/08\/btfg3333-768x512.jpg 768w\" sizes=\"auto, (max-width: 960px) 100vw, 960px\" \/><\/a><\/figure>\n<\/figure>\n\n\n\n<hr class=\"wp-block-separator has-text-color has-background has-purple-background-color has-purple-color\"\/>\n\n\n\n<p class=\"has-white-color has-text-color\">22.-23.10.2013, Ackerstadtpalast, Berlin (DE)<\/p>\n\n\n\n<figure class=\"wp-block-gallery has-nested-images columns-default is-cropped wp-block-gallery-4 is-layout-flex wp-block-gallery-is-layout-flex\">\n<figure class=\"wp-block-image size-large\"><a href=\"https:\/\/now.mur.at\/wp-content\/uploads\/2021\/08\/btfg4.jpg\"><img loading=\"lazy\" decoding=\"async\" width=\"1668\" height=\"755\" data-id=\"149\" src=\"http:\/\/now.mur.at\/wp-content\/uploads\/2021\/08\/btfg4.jpg?w=1024\" alt=\"\" class=\"wp-image-149\" srcset=\"https:\/\/now.mur.at\/wp-content\/uploads\/2021\/08\/btfg4.jpg 1668w, https:\/\/now.mur.at\/wp-content\/uploads\/2021\/08\/btfg4-300x136.jpg 300w, https:\/\/now.mur.at\/wp-content\/uploads\/2021\/08\/btfg4-1024x464.jpg 1024w, https:\/\/now.mur.at\/wp-content\/uploads\/2021\/08\/btfg4-768x348.jpg 768w, https:\/\/now.mur.at\/wp-content\/uploads\/2021\/08\/btfg4-1536x695.jpg 1536w, https:\/\/now.mur.at\/wp-content\/uploads\/2021\/08\/btfg4-1568x710.jpg 1568w\" sizes=\"auto, (max-width: 1668px) 100vw, 1668px\" \/><\/a><\/figure>\n\n\n\n<figure class=\"wp-block-image size-large\"><a href=\"https:\/\/now.mur.at\/wp-content\/uploads\/2021\/08\/btfg44.jpg\"><img loading=\"lazy\" decoding=\"async\" width=\"800\" height=\"533\" data-id=\"150\" src=\"http:\/\/now.mur.at\/wp-content\/uploads\/2021\/08\/btfg44.jpg?w=800\" alt=\"\" class=\"wp-image-150\" srcset=\"https:\/\/now.mur.at\/wp-content\/uploads\/2021\/08\/btfg44.jpg 800w, https:\/\/now.mur.at\/wp-content\/uploads\/2021\/08\/btfg44-300x200.jpg 300w, https:\/\/now.mur.at\/wp-content\/uploads\/2021\/08\/btfg44-768x512.jpg 768w\" sizes=\"auto, (max-width: 800px) 100vw, 800px\" \/><\/a><\/figure>\n\n\n\n<figure class=\"wp-block-image size-large\"><a href=\"https:\/\/now.mur.at\/wp-content\/uploads\/2021\/08\/btfg444.jpg\"><img loading=\"lazy\" decoding=\"async\" width=\"800\" height=\"533\" data-id=\"151\" src=\"http:\/\/now.mur.at\/wp-content\/uploads\/2021\/08\/btfg444.jpg?w=800\" alt=\"\" class=\"wp-image-151\" srcset=\"https:\/\/now.mur.at\/wp-content\/uploads\/2021\/08\/btfg444.jpg 800w, https:\/\/now.mur.at\/wp-content\/uploads\/2021\/08\/btfg444-300x200.jpg 300w, https:\/\/now.mur.at\/wp-content\/uploads\/2021\/08\/btfg444-768x512.jpg 768w\" sizes=\"auto, (max-width: 800px) 100vw, 800px\" \/><\/a><\/figure>\n<\/figure>\n\n\n\n<hr class=\"wp-block-separator has-text-color has-background has-purple-background-color has-purple-color\"\/>\n\n\n\n<p class=\"has-white-color has-text-color has-extra-small-font-size\" style=\"line-height:1.2\">Ausgangspunkt der Arbeit ist die reine Betrachtung der h\u00e4uslichen Umgebung. H\u00f6ren und Sehen und deren Interaktion wird in diesem St\u00fcck zu einem inhaltsleeren Vorgang.<\/p>\n\n\n\n<p class=\"has-white-color has-text-color has-extra-small-font-size\" style=\"line-height:1.2\">Eingesetzt werden 5 visuelle Apparaturen deren Eigenleben sich in der spezifischen Ausstrahlung des projizierten Lichtbildes zeigt. Staub, Kratzer und die unregelm\u00e4\u00dfige Bewegung des Shutters verleihen ihnen eine individuelle Aura. Ein Spiel von Lichtfeldern entsteht, das den Raum mit einem visuellen Rhythmus erf\u00fcllt.<\/p>\n\n\n\n<p class=\"has-white-color has-text-color has-extra-small-font-size\" style=\"line-height:1.2\">Die drei Darstellerinnen beschr\u00e4nken sich auf ein beschr\u00e4nktes Repertoire von einfachen Bewegungen, die einen Kontrapunkt, einerseits zum Rhythmus der visuellen Apparaturen und andererseits zu den flie\u00dfenden Kl\u00e4ngen des Harmoniums bilden.<\/p>\n\n\n\n<p class=\"has-white-color has-text-color has-extra-small-font-size\" style=\"line-height:1.2\">Die Musik basiert auf elementaren Intervall- und Skalenstrukturen, die sich in 5 langen best\u00e4ndig wandelnden Klangr\u00e4umen entfalten. Deren gedehnte Zeit bietet den Zuh\u00f6renden die M\u00f6glichkeit den klanglichen Reichtum des einfachen Tonmaterials durch die Konzentration auf den elementaren Akt des H\u00f6rens zu erfahren.<\/p>\n\n\n\n<p class=\"has-white-color has-text-color has-extra-small-font-size\" style=\"line-height:1.2\">Ein Abenteuer des wirklichen Sehens und H\u00f6rens.<\/p>\n\n\n\n<ul class=\"wp-block-social-links is-style-default is-content-justification-center is-layout-flex wp-container-core-social-links-is-layout-16018d1d wp-block-social-links-is-layout-flex\"><li class=\"wp-social-link wp-social-link-youtube  wp-block-social-link\"><a rel=\"noopener nofollow\" target=\"_blank\" href=\"https:\/\/www.youtube.com\/user\/NOWoper\/videos\" class=\"wp-block-social-link-anchor\"><svg width=\"24\" height=\"24\" viewBox=\"0 0 24 24\" version=\"1.1\" xmlns=\"http:\/\/www.w3.org\/2000\/svg\" aria-hidden=\"true\" focusable=\"false\"><path d=\"M21.8,8.001c0,0-0.195-1.378-0.795-1.985c-0.76-0.797-1.613-0.801-2.004-0.847c-2.799-0.202-6.997-0.202-6.997-0.202 h-0.009c0,0-4.198,0-6.997,0.202C4.608,5.216,3.756,5.22,2.995,6.016C2.395,6.623,2.2,8.001,2.2,8.001S2,9.62,2,11.238v1.517 c0,1.618,0.2,3.237,0.2,3.237s0.195,1.378,0.795,1.985c0.761,0.797,1.76,0.771,2.205,0.855c1.6,0.153,6.8,0.201,6.8,0.201 s4.203-0.006,7.001-0.209c0.391-0.047,1.243-0.051,2.004-0.847c0.6-0.607,0.795-1.985,0.795-1.985s0.2-1.618,0.2-3.237v-1.517 C22,9.62,21.8,8.001,21.8,8.001z M9.935,14.594l-0.001-5.62l5.404,2.82L9.935,14.594z\"><\/path><\/svg><span class=\"wp-block-social-link-label screen-reader-text\">YouTube<\/span><\/a><\/li><\/ul>\n\n\n\n<hr class=\"wp-block-separator has-text-color has-background has-purple-background-color has-purple-color\"\/>\n\n\n\n<div class=\"wp-block-columns is-layout-flex wp-container-core-columns-is-layout-9d6595d7 wp-block-columns-is-layout-flex\">\n<div class=\"wp-block-column is-layout-flow wp-block-column-is-layout-flow\" style=\"flex-basis:50%\">\n<p class=\"has-white-color has-text-color has-extra-small-font-size\" style=\"line-height:0\"><em>mit freundlicher Unterst\u00fctzung von<\/em><\/p>\n<\/div>\n\n\n\n<div class=\"wp-block-column is-layout-flow wp-block-column-is-layout-flow\" style=\"flex-basis:50%\">\n<figure class=\"wp-block-gallery has-nested-images columns-default wp-block-gallery-5 is-layout-flex wp-block-gallery-is-layout-flex\">\n<figure class=\"wp-block-image size-thumbnail\"><img loading=\"lazy\" decoding=\"async\" width=\"1772\" height=\"1139\" data-id=\"307\" src=\"http:\/\/now.mur.at\/wp-content\/uploads\/2021\/08\/a9_kultur_europa_sport.jpg?w=150\" alt=\"\" class=\"wp-image-307\" srcset=\"https:\/\/now.mur.at\/wp-content\/uploads\/2021\/08\/a9_kultur_europa_sport.jpg 1772w, https:\/\/now.mur.at\/wp-content\/uploads\/2021\/08\/a9_kultur_europa_sport-300x193.jpg 300w, https:\/\/now.mur.at\/wp-content\/uploads\/2021\/08\/a9_kultur_europa_sport-1024x658.jpg 1024w, https:\/\/now.mur.at\/wp-content\/uploads\/2021\/08\/a9_kultur_europa_sport-768x494.jpg 768w, https:\/\/now.mur.at\/wp-content\/uploads\/2021\/08\/a9_kultur_europa_sport-1536x987.jpg 1536w, https:\/\/now.mur.at\/wp-content\/uploads\/2021\/08\/a9_kultur_europa_sport-1568x1008.jpg 1568w\" sizes=\"auto, (max-width: 1772px) 100vw, 1772px\" \/><\/figure>\n\n\n\n<figure class=\"wp-block-image size-thumbnail\"><img loading=\"lazy\" decoding=\"async\" width=\"1890\" height=\"521\" data-id=\"301\" src=\"http:\/\/now.mur.at\/wp-content\/uploads\/2021\/08\/graz.jpg?w=150\" alt=\"\" class=\"wp-image-301\" srcset=\"https:\/\/now.mur.at\/wp-content\/uploads\/2021\/08\/graz.jpg 1890w, https:\/\/now.mur.at\/wp-content\/uploads\/2021\/08\/graz-300x83.jpg 300w, https:\/\/now.mur.at\/wp-content\/uploads\/2021\/08\/graz-1024x282.jpg 1024w, https:\/\/now.mur.at\/wp-content\/uploads\/2021\/08\/graz-768x212.jpg 768w, https:\/\/now.mur.at\/wp-content\/uploads\/2021\/08\/graz-1536x423.jpg 1536w, https:\/\/now.mur.at\/wp-content\/uploads\/2021\/08\/graz-1568x432.jpg 1568w\" sizes=\"auto, (max-width: 1890px) 100vw, 1890px\" \/><\/figure>\n<\/figure>\n<\/div>\n<\/div>\n\n\n\n<div style=\"height:100px\" aria-hidden=\"true\" class=\"wp-block-spacer\"><\/div>\n\n\n\n<p class=\"has-text-align-right has-white-color has-text-color\"><strong><a href=\"http:\/\/now.mur.at\">HOME<\/a><\/strong><\/p>\n\n\n\n<div class=\"wp-block-buttons is-horizontal is-content-justification-right is-layout-flex wp-container-core-buttons-is-layout-ae2fe186 wp-block-buttons-is-layout-flex\"><\/div>\n\n\n\n<div style=\"height:128px\" aria-hidden=\"true\" class=\"wp-block-spacer\"><\/div>\n<\/div><\/div>\n","protected":false},"excerpt":{"rendered":"","protected":false},"author":1,"featured_media":0,"parent":0,"menu_order":0,"comment_status":"closed","ping_status":"closed","template":"","meta":{"footnotes":""},"class_list":["post-128","page","type-page","status-publish","hentry","entry"],"_links":{"self":[{"href":"https:\/\/now.mur.at\/index.php\/wp-json\/wp\/v2\/pages\/128","targetHints":{"allow":["GET"]}}],"collection":[{"href":"https:\/\/now.mur.at\/index.php\/wp-json\/wp\/v2\/pages"}],"about":[{"href":"https:\/\/now.mur.at\/index.php\/wp-json\/wp\/v2\/types\/page"}],"author":[{"embeddable":true,"href":"https:\/\/now.mur.at\/index.php\/wp-json\/wp\/v2\/users\/1"}],"replies":[{"embeddable":true,"href":"https:\/\/now.mur.at\/index.php\/wp-json\/wp\/v2\/comments?post=128"}],"version-history":[{"count":8,"href":"https:\/\/now.mur.at\/index.php\/wp-json\/wp\/v2\/pages\/128\/revisions"}],"predecessor-version":[{"id":536,"href":"https:\/\/now.mur.at\/index.php\/wp-json\/wp\/v2\/pages\/128\/revisions\/536"}],"wp:attachment":[{"href":"https:\/\/now.mur.at\/index.php\/wp-json\/wp\/v2\/media?parent=128"}],"curies":[{"name":"wp","href":"https:\/\/api.w.org\/{rel}","templated":true}]}}