{"id":176,"date":"2021-08-11T16:52:38","date_gmt":"2021-08-11T14:52:38","guid":{"rendered":"https:\/\/nowoper.wordpress.com\/?page_id=176"},"modified":"2022-02-22T21:05:34","modified_gmt":"2022-02-22T21:05:34","slug":"hoerschauarena","status":"publish","type":"page","link":"https:\/\/now.mur.at\/index.php\/hoerschauarena\/","title":{"rendered":"H\u00f6rschauarena"},"content":{"rendered":"\n<div class=\"wp-block-cover alignfull has-parallax is-style-default\" style=\"background-image:url(https:\/\/nowoper.files.wordpress.com\/2021\/08\/h0.jpg)\"><span aria-hidden=\"true\" class=\"has-gray-background-color has-background-dim-60 wp-block-cover__gradient-background has-background-dim\"><\/span><div class=\"wp-block-cover__inner-container is-layout-flow wp-block-cover-is-layout-flow\">\n<div class=\"wp-block-columns is-layout-flex wp-container-core-columns-is-layout-9d6595d7 wp-block-columns-is-layout-flex\">\n<div class=\"wp-block-column is-layout-flow wp-block-column-is-layout-flow\" style=\"flex-basis:100%\">\n<div class=\"wp-block-group\"><div class=\"wp-block-group__inner-container is-layout-flow wp-block-group-is-layout-flow\">\n<div class=\"wp-block-group\"><div class=\"wp-block-group__inner-container is-layout-flow wp-block-group-is-layout-flow\">\n<p class=\"has-text-align-right has-white-color has-text-color\" style=\"line-height:0\"><strong><a href=\"https:\/\/www.reverbnation.com\/petrosmoraitis\" target=\"_blank\" rel=\"noreferrer noopener\">Petros Moraitis<\/a> <\/strong>(GRE\/AT) | Idee &amp; Konzept<\/p>\n\n\n\n<p class=\"has-text-align-right has-white-color has-text-color\" style=\"line-height:0\"> <strong>Kostas Nikolaidis, Caroline Edwards,<\/strong> <\/p>\n\n\n\n<p class=\"has-text-align-right has-white-color has-text-color\" style=\"line-height:0\"><strong><a href=\"https:\/\/architizer.com\/firms\/antithesis-architecture\/\" target=\"_blank\" rel=\"noreferrer noopener\">&#8220;Antithesis Architecture&#8221;<\/a><\/strong> (GRE) | Architektonische Gestaltung <\/p>\n<\/div><\/div>\n<\/div><\/div>\n<\/div>\n<\/div>\n\n\n\n<div style=\"height:20px\" aria-hidden=\"true\" class=\"wp-block-spacer\"><\/div>\n\n\n\n<hr class=\"wp-block-separator has-text-color has-background has-purple-background-color has-purple-color\"\/>\n\n\n\n<p class=\"has-text-align-left has-text-align-center has-white-color has-text-color\">26.-27.10.2013, Mariahilferplatz &amp; Tummelplatz, Graz (AT)<\/p>\n\n\n\n<figure class=\"wp-block-gallery has-nested-images columns-4 is-cropped wp-block-gallery-1 is-layout-flex wp-block-gallery-is-layout-flex\">\n<figure class=\"wp-block-image size-large\"><a href=\"https:\/\/now.mur.at\/wp-content\/uploads\/2021\/08\/h1-scaled.jpg\"><img decoding=\"async\" data-id=\"178\" src=\"http:\/\/now.mur.at\/wp-content\/uploads\/2021\/08\/h1.jpg?w=1024\" alt=\"\" class=\"wp-image-178\"\/><\/a><\/figure>\n\n\n\n<figure class=\"wp-block-image size-large\"><a href=\"https:\/\/now.mur.at\/wp-content\/uploads\/2021\/08\/h11-scaled.jpg\"><img decoding=\"async\" data-id=\"179\" src=\"http:\/\/now.mur.at\/wp-content\/uploads\/2021\/08\/h11.jpg?w=1024\" alt=\"\" class=\"wp-image-179\"\/><\/a><\/figure>\n\n\n\n<figure class=\"wp-block-image size-large\"><a href=\"https:\/\/now.mur.at\/wp-content\/uploads\/2021\/08\/h111-scaled.jpg\"><img decoding=\"async\" data-id=\"180\" src=\"http:\/\/now.mur.at\/wp-content\/uploads\/2021\/08\/h111.jpg?w=1024\" alt=\"\" class=\"wp-image-180\"\/><\/a><\/figure>\n\n\n\n<figure class=\"wp-block-image size-large\"><a href=\"https:\/\/now.mur.at\/wp-content\/uploads\/2021\/08\/h1111-scaled.jpg\"><img decoding=\"async\" data-id=\"181\" src=\"http:\/\/now.mur.at\/wp-content\/uploads\/2021\/08\/h1111.jpg?w=1024\" alt=\"\" class=\"wp-image-181\"\/><\/a><\/figure>\n\n\n\n<figure class=\"wp-block-image size-large\"><a href=\"https:\/\/now.mur.at\/wp-content\/uploads\/2021\/08\/h11111-scaled.jpg\"><img decoding=\"async\" data-id=\"183\" src=\"http:\/\/now.mur.at\/wp-content\/uploads\/2021\/08\/h11111.jpg?w=1024\" alt=\"\" class=\"wp-image-183\"\/><\/a><\/figure>\n\n\n\n<figure class=\"wp-block-image size-large\"><a href=\"https:\/\/now.mur.at\/wp-content\/uploads\/2021\/08\/h111111-scaled.jpg\"><img decoding=\"async\" data-id=\"184\" src=\"http:\/\/now.mur.at\/wp-content\/uploads\/2021\/08\/h111111.jpg?w=1024\" alt=\"\" class=\"wp-image-184\"\/><\/a><\/figure>\n\n\n\n<figure class=\"wp-block-image size-large\"><a href=\"https:\/\/now.mur.at\/wp-content\/uploads\/2021\/08\/h1111111-scaled.jpg\"><img decoding=\"async\" data-id=\"186\" src=\"http:\/\/now.mur.at\/wp-content\/uploads\/2021\/08\/h1111111.jpg?w=1024\" alt=\"\" class=\"wp-image-186\"\/><\/a><\/figure>\n<\/figure>\n\n\n\n<hr class=\"wp-block-separator has-text-color has-background has-purple-background-color has-purple-color\"\/>\n\n\n\n<p class=\"has-text-align-left has-white-color has-text-color\">02.-04.04.2014, Mariahilferplatz @ Lendwirbel, Graz (AT)<\/p>\n\n\n\n<figure class=\"wp-block-gallery has-nested-images columns-4 is-cropped wp-block-gallery-2 is-layout-flex wp-block-gallery-is-layout-flex\">\n<figure class=\"wp-block-image size-large\"><a href=\"https:\/\/now.mur.at\/wp-content\/uploads\/2021\/08\/h2.jpg\"><img loading=\"lazy\" decoding=\"async\" width=\"960\" height=\"720\" data-id=\"188\" src=\"http:\/\/now.mur.at\/wp-content\/uploads\/2021\/08\/h2.jpg?w=960\" alt=\"\" class=\"wp-image-188\" srcset=\"https:\/\/now.mur.at\/wp-content\/uploads\/2021\/08\/h2.jpg 960w, https:\/\/now.mur.at\/wp-content\/uploads\/2021\/08\/h2-300x225.jpg 300w, https:\/\/now.mur.at\/wp-content\/uploads\/2021\/08\/h2-768x576.jpg 768w\" sizes=\"auto, (max-width: 960px) 100vw, 960px\" \/><\/a><\/figure>\n\n\n\n<figure class=\"wp-block-image size-large\"><a href=\"https:\/\/now.mur.at\/wp-content\/uploads\/2021\/08\/h22.jpg\"><img loading=\"lazy\" decoding=\"async\" width=\"960\" height=\"640\" data-id=\"189\" src=\"http:\/\/now.mur.at\/wp-content\/uploads\/2021\/08\/h22.jpg?w=960\" alt=\"\" class=\"wp-image-189\" srcset=\"https:\/\/now.mur.at\/wp-content\/uploads\/2021\/08\/h22.jpg 960w, https:\/\/now.mur.at\/wp-content\/uploads\/2021\/08\/h22-300x200.jpg 300w, https:\/\/now.mur.at\/wp-content\/uploads\/2021\/08\/h22-768x512.jpg 768w\" sizes=\"auto, (max-width: 960px) 100vw, 960px\" \/><\/a><\/figure>\n\n\n\n<figure class=\"wp-block-image size-large\"><a href=\"https:\/\/now.mur.at\/wp-content\/uploads\/2021\/08\/h222.jpg\"><img loading=\"lazy\" decoding=\"async\" width=\"640\" height=\"960\" data-id=\"190\" src=\"http:\/\/now.mur.at\/wp-content\/uploads\/2021\/08\/h222.jpg?w=640\" alt=\"\" class=\"wp-image-190\" srcset=\"https:\/\/now.mur.at\/wp-content\/uploads\/2021\/08\/h222.jpg 640w, https:\/\/now.mur.at\/wp-content\/uploads\/2021\/08\/h222-200x300.jpg 200w\" sizes=\"auto, (max-width: 640px) 100vw, 640px\" \/><\/a><\/figure>\n\n\n\n<figure class=\"wp-block-image size-large\"><a href=\"https:\/\/now.mur.at\/wp-content\/uploads\/2021\/08\/h2222.jpg\"><img loading=\"lazy\" decoding=\"async\" width=\"640\" height=\"960\" data-id=\"191\" src=\"http:\/\/now.mur.at\/wp-content\/uploads\/2021\/08\/h2222.jpg?w=640\" alt=\"\" class=\"wp-image-191\" srcset=\"https:\/\/now.mur.at\/wp-content\/uploads\/2021\/08\/h2222.jpg 640w, https:\/\/now.mur.at\/wp-content\/uploads\/2021\/08\/h2222-200x300.jpg 200w\" sizes=\"auto, (max-width: 640px) 100vw, 640px\" \/><\/a><\/figure>\n\n\n\n<figure class=\"wp-block-image size-large\"><a href=\"https:\/\/now.mur.at\/wp-content\/uploads\/2021\/08\/h22222.jpg\"><img loading=\"lazy\" decoding=\"async\" width=\"960\" height=\"640\" data-id=\"192\" src=\"http:\/\/now.mur.at\/wp-content\/uploads\/2021\/08\/h22222.jpg?w=960\" alt=\"\" class=\"wp-image-192\" srcset=\"https:\/\/now.mur.at\/wp-content\/uploads\/2021\/08\/h22222.jpg 960w, https:\/\/now.mur.at\/wp-content\/uploads\/2021\/08\/h22222-300x200.jpg 300w, https:\/\/now.mur.at\/wp-content\/uploads\/2021\/08\/h22222-768x512.jpg 768w\" sizes=\"auto, (max-width: 960px) 100vw, 960px\" \/><\/a><\/figure>\n\n\n\n<figure class=\"wp-block-image size-large\"><a href=\"https:\/\/now.mur.at\/wp-content\/uploads\/2021\/08\/h222222.jpg\"><img loading=\"lazy\" decoding=\"async\" width=\"960\" height=\"640\" data-id=\"193\" src=\"http:\/\/now.mur.at\/wp-content\/uploads\/2021\/08\/h222222.jpg?w=960\" alt=\"\" class=\"wp-image-193\" srcset=\"https:\/\/now.mur.at\/wp-content\/uploads\/2021\/08\/h222222.jpg 960w, https:\/\/now.mur.at\/wp-content\/uploads\/2021\/08\/h222222-300x200.jpg 300w, https:\/\/now.mur.at\/wp-content\/uploads\/2021\/08\/h222222-768x512.jpg 768w\" sizes=\"auto, (max-width: 960px) 100vw, 960px\" \/><\/a><\/figure>\n<\/figure>\n\n\n\n<hr class=\"wp-block-separator has-text-color has-background has-purple-background-color has-purple-color\"\/>\n\n\n\n<p class=\"has-white-color has-text-color\">24.10.2014, Maison Crystal @ 49th Dimitria Festival, Thessaloniki (GRE)<\/p>\n\n\n\n<hr class=\"wp-block-separator has-text-color has-background has-purple-background-color has-purple-color\"\/>\n\n\n\n<p class=\"has-white-color has-text-color\">10.-24.11.2014, Grazer Kindermuseum @ FRida &amp; freD, Graz (AT)<\/p>\n\n\n\n<figure class=\"wp-block-gallery has-nested-images columns-default is-cropped wp-block-gallery-3 is-layout-flex wp-block-gallery-is-layout-flex\">\n<figure class=\"wp-block-image size-large\"><a href=\"https:\/\/now.mur.at\/wp-content\/uploads\/2021\/08\/h3-scaled.jpg\"><img decoding=\"async\" data-id=\"197\" src=\"http:\/\/now.mur.at\/wp-content\/uploads\/2021\/08\/h3.jpg?w=1024\" alt=\"\" class=\"wp-image-197\"\/><\/a><\/figure>\n\n\n\n<figure class=\"wp-block-image size-large\"><a href=\"https:\/\/now.mur.at\/wp-content\/uploads\/2021\/08\/h33-scaled.jpg\"><img decoding=\"async\" data-id=\"198\" src=\"http:\/\/now.mur.at\/wp-content\/uploads\/2021\/08\/h33.jpg?w=1024\" alt=\"\" class=\"wp-image-198\"\/><\/a><\/figure>\n\n\n\n<figure class=\"wp-block-image size-large\"><a href=\"https:\/\/now.mur.at\/wp-content\/uploads\/2021\/08\/h333-scaled.jpg\"><img decoding=\"async\" data-id=\"199\" src=\"http:\/\/now.mur.at\/wp-content\/uploads\/2021\/08\/h333.jpg?w=1024\" alt=\"\" class=\"wp-image-199\"\/><\/a><\/figure>\n<\/figure>\n\n\n\n<hr class=\"wp-block-separator has-text-color has-background has-purple-background-color has-purple-color\"\/>\n\n\n\n<p class=\"has-white-color has-text-color\">14.12.2014, ESC im Labor, Graz (AT)<\/p>\n\n\n\n<figure class=\"wp-block-gallery has-nested-images columns-default is-cropped wp-block-gallery-4 is-layout-flex wp-block-gallery-is-layout-flex\">\n<figure class=\"wp-block-image size-large\"><a href=\"https:\/\/now.mur.at\/wp-content\/uploads\/2021\/08\/h4-scaled.jpg\"><img decoding=\"async\" data-id=\"200\" src=\"http:\/\/now.mur.at\/wp-content\/uploads\/2021\/08\/h4.jpg?w=1024\" alt=\"\" class=\"wp-image-200\"\/><\/a><\/figure>\n\n\n\n<figure class=\"wp-block-image size-large\"><a href=\"https:\/\/now.mur.at\/wp-content\/uploads\/2021\/08\/h44-scaled.jpg\"><img decoding=\"async\" data-id=\"201\" src=\"http:\/\/now.mur.at\/wp-content\/uploads\/2021\/08\/h44.jpg?w=1024\" alt=\"\" class=\"wp-image-201\"\/><\/a><\/figure>\n\n\n\n<figure class=\"wp-block-image size-large\"><a href=\"https:\/\/now.mur.at\/wp-content\/uploads\/2021\/08\/h444-scaled.jpg\"><img decoding=\"async\" data-id=\"202\" src=\"http:\/\/now.mur.at\/wp-content\/uploads\/2021\/08\/h444.jpg?w=768\" alt=\"\" class=\"wp-image-202\"\/><\/a><\/figure>\n<\/figure>\n\n\n\n<hr class=\"wp-block-separator has-text-color has-background has-purple-background-color has-purple-color\"\/>\n\n\n\n<p class=\"has-white-color has-text-color has-extra-small-font-size\" style=\"line-height:1.2\">F\u00fcr 9 Ausf\u00fchrende, Metronom und Publikum. 8 Ausf\u00fchrende h\u00f6rbar (nicht sichtbar) kreisf\u00f6rmig arrangiert in variabler Besetzung auff\u00fchrbar 1 Ausf\u00fchrende\/r sichtbar (nicht h\u00f6rbar) und Metronom mittig im freien \u00f6ffentlichen Raum, wo sich das Publikum frei bewegen kann, oder Veranstaltungssaal mit rundtheatralischer Gestaltung handlungs- und ausstattungslos, auch ohne Einstudierungsprozess auff\u00fchrbar. Das Publikum kann beliebig seine Position wechseln und ist herzlich dazu eingeladen, sich zu beteiligen und aktiv an dem H\u00f6r- und Sehergebnis teilzunehmen.<\/p>\n\n\n\n<ul class=\"wp-block-social-links is-style-default is-content-justification-center is-layout-flex wp-container-core-social-links-is-layout-16018d1d wp-block-social-links-is-layout-flex\"><li class=\"wp-social-link wp-social-link-youtube  wp-block-social-link\"><a rel=\"noopener nofollow\" target=\"_blank\" href=\"https:\/\/www.youtube.com\/user\/NOWoper\/videos\" class=\"wp-block-social-link-anchor\"><svg width=\"24\" height=\"24\" viewBox=\"0 0 24 24\" version=\"1.1\" xmlns=\"http:\/\/www.w3.org\/2000\/svg\" aria-hidden=\"true\" focusable=\"false\"><path d=\"M21.8,8.001c0,0-0.195-1.378-0.795-1.985c-0.76-0.797-1.613-0.801-2.004-0.847c-2.799-0.202-6.997-0.202-6.997-0.202 h-0.009c0,0-4.198,0-6.997,0.202C4.608,5.216,3.756,5.22,2.995,6.016C2.395,6.623,2.2,8.001,2.2,8.001S2,9.62,2,11.238v1.517 c0,1.618,0.2,3.237,0.2,3.237s0.195,1.378,0.795,1.985c0.761,0.797,1.76,0.771,2.205,0.855c1.6,0.153,6.8,0.201,6.8,0.201 s4.203-0.006,7.001-0.209c0.391-0.047,1.243-0.051,2.004-0.847c0.6-0.607,0.795-1.985,0.795-1.985s0.2-1.618,0.2-3.237v-1.517 C22,9.62,21.8,8.001,21.8,8.001z M9.935,14.594l-0.001-5.62l5.404,2.82L9.935,14.594z\"><\/path><\/svg><span class=\"wp-block-social-link-label screen-reader-text\">YouTube<\/span><\/a><\/li><\/ul>\n\n\n\n<hr class=\"wp-block-separator has-text-color has-background has-purple-background-color has-purple-color\"\/>\n\n\n\n<div class=\"wp-block-columns is-layout-flex wp-container-core-columns-is-layout-9d6595d7 wp-block-columns-is-layout-flex\">\n<div class=\"wp-block-column is-layout-flow wp-block-column-is-layout-flow\" style=\"flex-basis:50%\">\n<p class=\"has-white-color has-text-color has-extra-small-font-size\" style=\"line-height:0\"><em>mit freundlicher Unterst\u00fctzung von<\/em><\/p>\n<\/div>\n\n\n\n<div class=\"wp-block-column is-layout-flow wp-block-column-is-layout-flow\" style=\"flex-basis:50%\">\n<figure class=\"wp-block-gallery has-nested-images columns-default wp-block-gallery-5 is-layout-flex wp-block-gallery-is-layout-flex\">\n<figure class=\"wp-block-image size-thumbnail\"><img loading=\"lazy\" decoding=\"async\" width=\"1772\" height=\"1139\" data-id=\"307\" src=\"http:\/\/now.mur.at\/wp-content\/uploads\/2021\/08\/a9_kultur_europa_sport.jpg?w=150\" alt=\"\" class=\"wp-image-307\" srcset=\"https:\/\/now.mur.at\/wp-content\/uploads\/2021\/08\/a9_kultur_europa_sport.jpg 1772w, https:\/\/now.mur.at\/wp-content\/uploads\/2021\/08\/a9_kultur_europa_sport-300x193.jpg 300w, https:\/\/now.mur.at\/wp-content\/uploads\/2021\/08\/a9_kultur_europa_sport-1024x658.jpg 1024w, https:\/\/now.mur.at\/wp-content\/uploads\/2021\/08\/a9_kultur_europa_sport-768x494.jpg 768w, https:\/\/now.mur.at\/wp-content\/uploads\/2021\/08\/a9_kultur_europa_sport-1536x987.jpg 1536w, https:\/\/now.mur.at\/wp-content\/uploads\/2021\/08\/a9_kultur_europa_sport-1568x1008.jpg 1568w\" sizes=\"auto, (max-width: 1772px) 100vw, 1772px\" \/><\/figure>\n\n\n\n<figure class=\"wp-block-image size-thumbnail\"><img loading=\"lazy\" decoding=\"async\" width=\"1890\" height=\"521\" data-id=\"301\" src=\"http:\/\/now.mur.at\/wp-content\/uploads\/2021\/08\/graz.jpg?w=150\" alt=\"\" class=\"wp-image-301\" srcset=\"https:\/\/now.mur.at\/wp-content\/uploads\/2021\/08\/graz.jpg 1890w, https:\/\/now.mur.at\/wp-content\/uploads\/2021\/08\/graz-300x83.jpg 300w, https:\/\/now.mur.at\/wp-content\/uploads\/2021\/08\/graz-1024x282.jpg 1024w, https:\/\/now.mur.at\/wp-content\/uploads\/2021\/08\/graz-768x212.jpg 768w, https:\/\/now.mur.at\/wp-content\/uploads\/2021\/08\/graz-1536x423.jpg 1536w, https:\/\/now.mur.at\/wp-content\/uploads\/2021\/08\/graz-1568x432.jpg 1568w\" sizes=\"auto, (max-width: 1890px) 100vw, 1890px\" \/><\/figure>\n<\/figure>\n<\/div>\n<\/div>\n\n\n\n<div style=\"height:100px\" aria-hidden=\"true\" class=\"wp-block-spacer\"><\/div>\n\n\n\n<div class=\"wp-block-buttons is-horizontal is-content-justification-right is-layout-flex wp-container-core-buttons-is-layout-ae2fe186 wp-block-buttons-is-layout-flex\"><\/div>\n\n\n\n<p class=\"has-text-align-right has-white-color has-text-color\"><strong><a href=\"http:\/\/now.mur.at\">HOME<\/a><\/strong><\/p>\n\n\n\n<div style=\"height:128px\" aria-hidden=\"true\" class=\"wp-block-spacer\"><\/div>\n<\/div><\/div>\n","protected":false},"excerpt":{"rendered":"","protected":false},"author":1,"featured_media":0,"parent":0,"menu_order":0,"comment_status":"closed","ping_status":"closed","template":"","meta":{"footnotes":""},"class_list":["post-176","page","type-page","status-publish","hentry","entry"],"_links":{"self":[{"href":"https:\/\/now.mur.at\/index.php\/wp-json\/wp\/v2\/pages\/176","targetHints":{"allow":["GET"]}}],"collection":[{"href":"https:\/\/now.mur.at\/index.php\/wp-json\/wp\/v2\/pages"}],"about":[{"href":"https:\/\/now.mur.at\/index.php\/wp-json\/wp\/v2\/types\/page"}],"author":[{"embeddable":true,"href":"https:\/\/now.mur.at\/index.php\/wp-json\/wp\/v2\/users\/1"}],"replies":[{"embeddable":true,"href":"https:\/\/now.mur.at\/index.php\/wp-json\/wp\/v2\/comments?post=176"}],"version-history":[{"count":6,"href":"https:\/\/now.mur.at\/index.php\/wp-json\/wp\/v2\/pages\/176\/revisions"}],"predecessor-version":[{"id":534,"href":"https:\/\/now.mur.at\/index.php\/wp-json\/wp\/v2\/pages\/176\/revisions\/534"}],"wp:attachment":[{"href":"https:\/\/now.mur.at\/index.php\/wp-json\/wp\/v2\/media?parent=176"}],"curies":[{"name":"wp","href":"https:\/\/api.w.org\/{rel}","templated":true}]}}