{"id":262,"date":"2021-08-11T19:01:58","date_gmt":"2021-08-11T17:01:58","guid":{"rendered":"https:\/\/nowoper.wordpress.com\/?page_id=262"},"modified":"2022-02-22T21:10:54","modified_gmt":"2022-02-22T21:10:54","slug":"metanaklasi","status":"publish","type":"page","link":"https:\/\/now.mur.at\/index.php\/metanaklasi\/","title":{"rendered":"Metanaklasi"},"content":{"rendered":"\n<div class=\"wp-block-cover alignfull has-parallax\" style=\"background-image:url(https:\/\/nowoper.files.wordpress.com\/2021\/08\/met1.jpg)\"><span aria-hidden=\"true\" class=\"has-black-background-color has-background-dim-70 wp-block-cover__gradient-background has-background-dim\"><\/span><div class=\"wp-block-cover__inner-container is-layout-flow wp-block-cover-is-layout-flow\">\n<div class=\"wp-block-columns is-layout-flex wp-container-core-columns-is-layout-9d6595d7 wp-block-columns-is-layout-flex\">\n<div class=\"wp-block-column is-layout-flow wp-block-column-is-layout-flow\" style=\"flex-basis:100%\">\n<div class=\"wp-block-group\"><div class=\"wp-block-group__inner-container is-layout-flow wp-block-group-is-layout-flow\">\n<div class=\"wp-block-group\"><div class=\"wp-block-group__inner-container is-layout-flow wp-block-group-is-layout-flow\">\n<p class=\"has-text-align-right has-white-color has-text-color\" style=\"line-height:0\"><strong><a href=\"https:\/\/www.antonisrouvelas.com\/\" target=\"_blank\" rel=\"noreferrer noopener\">Antonis Rouvelas<\/a> <\/strong>(GRE\/AT) | Konzept, Komposition<\/p>\n\n\n\n<p class=\"has-text-align-right has-white-color has-text-color\" style=\"line-height:0\"><strong><a href=\"https:\/\/www.mutualart.com\/Artist\/Yasaman-Hasani\/CA2200626D7BC08E\" target=\"_blank\" rel=\"noreferrer noopener\">Yasaman Hasani<\/a><\/strong> (IRN\/AT) | Videokunst<\/p>\n\n\n\n<p class=\"has-text-align-right has-white-color has-text-color\" style=\"line-height:0\">mit <strong><a href=\"https:\/\/www.schallfeldensemble.com\/de\/\" target=\"_blank\" rel=\"noreferrer noopener\">Schallfeld Ensemble<\/a><\/strong> <\/p>\n<\/div><\/div>\n<\/div><\/div>\n<\/div>\n<\/div>\n\n\n\n<div style=\"height:10px\" aria-hidden=\"true\" class=\"wp-block-spacer\"><\/div>\n\n\n\n<hr class=\"wp-block-separator has-text-color has-background has-purple-background-color has-purple-color\"\/>\n\n\n\n<p class=\"has-text-align-left has-text-align-center has-white-color has-text-color\">14.12.2018, Theater am Lend, Graz (AT)<\/p>\n\n\n\n<figure class=\"wp-block-gallery has-nested-images columns-3 is-cropped wp-block-gallery-1 is-layout-flex wp-block-gallery-is-layout-flex\">\n<figure class=\"wp-block-image size-large\"><a href=\"https:\/\/now.mur.at\/wp-content\/uploads\/2021\/08\/met2-scaled.jpg\"><img decoding=\"async\" data-id=\"265\" src=\"http:\/\/now.mur.at\/wp-content\/uploads\/2021\/08\/met2.jpg?w=1024\" alt=\"\" class=\"wp-image-265\"\/><\/a><\/figure>\n\n\n\n<figure class=\"wp-block-image size-large\"><a href=\"https:\/\/now.mur.at\/wp-content\/uploads\/2021\/08\/met3-scaled.jpg\"><img decoding=\"async\" data-id=\"266\" src=\"http:\/\/now.mur.at\/wp-content\/uploads\/2021\/08\/met3.jpg?w=1024\" alt=\"\" class=\"wp-image-266\"\/><\/a><\/figure>\n\n\n\n<figure class=\"wp-block-image size-large\"><a href=\"https:\/\/now.mur.at\/wp-content\/uploads\/2021\/08\/met4-scaled.jpg\"><img decoding=\"async\" data-id=\"267\" src=\"http:\/\/now.mur.at\/wp-content\/uploads\/2021\/08\/met4.jpg?w=1024\" alt=\"\" class=\"wp-image-267\"\/><\/a><\/figure>\n\n\n\n<figure class=\"wp-block-image size-large\"><a href=\"https:\/\/now.mur.at\/wp-content\/uploads\/2021\/08\/met5.png\"><img loading=\"lazy\" decoding=\"async\" width=\"5120\" height=\"2864\" data-id=\"268\" src=\"http:\/\/now.mur.at\/wp-content\/uploads\/2021\/08\/met5.png?w=1024\" alt=\"\" class=\"wp-image-268\" srcset=\"https:\/\/now.mur.at\/wp-content\/uploads\/2021\/08\/met5.png 5120w, https:\/\/now.mur.at\/wp-content\/uploads\/2021\/08\/met5-300x168.png 300w, https:\/\/now.mur.at\/wp-content\/uploads\/2021\/08\/met5-1024x573.png 1024w, https:\/\/now.mur.at\/wp-content\/uploads\/2021\/08\/met5-768x430.png 768w, https:\/\/now.mur.at\/wp-content\/uploads\/2021\/08\/met5-1536x859.png 1536w, https:\/\/now.mur.at\/wp-content\/uploads\/2021\/08\/met5-2048x1146.png 2048w, https:\/\/now.mur.at\/wp-content\/uploads\/2021\/08\/met5-1568x877.png 1568w\" sizes=\"auto, (max-width: 5120px) 100vw, 5120px\" \/><\/a><\/figure>\n\n\n\n<figure class=\"wp-block-image size-large\"><a href=\"https:\/\/now.mur.at\/wp-content\/uploads\/2021\/08\/met6-scaled.jpg\"><img decoding=\"async\" data-id=\"269\" src=\"http:\/\/now.mur.at\/wp-content\/uploads\/2021\/08\/met6.jpg?w=1024\" alt=\"\" class=\"wp-image-269\"\/><\/a><\/figure>\n<\/figure>\n\n\n\n<hr class=\"wp-block-separator has-text-color has-background has-purple-background-color has-purple-color\"\/>\n\n\n\n<p class=\"has-white-color has-text-color has-extra-small-font-size\" style=\"line-height:1.2\">Metanaklasi setzt sich aus dem griechischen meta &#8220;\u00fcber&#8221; und anaklasi &#8220;Reflexion&#8221; zusammen.<\/p>\n\n\n\n<p class=\"has-white-color has-text-color has-extra-small-font-size\" style=\"line-height:1.2\">Das Projekt Metanaklasi konzentriert sich auf Reflexion sowie auf abstrakte Vorstellung als fundamentale Elemente einer intersubjektiven Erfahrung. In Metanaklasi tanzen symbolisch musische und visuelle Fl\u00fcsse, deren individuelle Natur und Komplexit\u00e4t abstrahiert durch einfachere Gestalten und Formen erkl\u00e4rt werden. Sie treten entweder als zwei getrennte Elemente, oder als gegenseitige Reflexion auf. Dieser Reflexionsprozess zwischen den beiden tr\u00e4gt der Dramaturgie auch bei. Dieses Projekt wird durch Kompositionsfragmente und visuelle Aufzeichnungen vergangener Performances, welche in abstrakter Art und Weise zerschlagen und neu zusammengesetzt wurden, erg\u00e4nzt. Diese Erinnerungen erm\u00f6glichen Besinnung, Erfahrung, Vorstellung von physisch Ungesehenem. An einem unscheinbaren Ort w\u00fchlt sich ein Musikensemble durch abstrakte Formen und Figuren, welche grundlegende Elemente zur symbolischen Darstellung der Essenz der Koexistenz sind.<\/p>\n\n\n\n<ul class=\"wp-block-social-links is-style-default is-content-justification-center is-layout-flex wp-container-core-social-links-is-layout-16018d1d wp-block-social-links-is-layout-flex\"><li class=\"wp-social-link wp-social-link-youtube  wp-block-social-link\"><a rel=\"noopener nofollow\" target=\"_blank\" href=\"https:\/\/www.youtube.com\/user\/NOWoper\/videos\" class=\"wp-block-social-link-anchor\"><svg width=\"24\" height=\"24\" viewBox=\"0 0 24 24\" version=\"1.1\" xmlns=\"http:\/\/www.w3.org\/2000\/svg\" aria-hidden=\"true\" focusable=\"false\"><path d=\"M21.8,8.001c0,0-0.195-1.378-0.795-1.985c-0.76-0.797-1.613-0.801-2.004-0.847c-2.799-0.202-6.997-0.202-6.997-0.202 h-0.009c0,0-4.198,0-6.997,0.202C4.608,5.216,3.756,5.22,2.995,6.016C2.395,6.623,2.2,8.001,2.2,8.001S2,9.62,2,11.238v1.517 c0,1.618,0.2,3.237,0.2,3.237s0.195,1.378,0.795,1.985c0.761,0.797,1.76,0.771,2.205,0.855c1.6,0.153,6.8,0.201,6.8,0.201 s4.203-0.006,7.001-0.209c0.391-0.047,1.243-0.051,2.004-0.847c0.6-0.607,0.795-1.985,0.795-1.985s0.2-1.618,0.2-3.237v-1.517 C22,9.62,21.8,8.001,21.8,8.001z M9.935,14.594l-0.001-5.62l5.404,2.82L9.935,14.594z\"><\/path><\/svg><span class=\"wp-block-social-link-label screen-reader-text\">YouTube<\/span><\/a><\/li><\/ul>\n\n\n\n<hr class=\"wp-block-separator has-text-color has-background has-purple-background-color has-purple-color\"\/>\n\n\n\n<div class=\"wp-block-columns is-layout-flex wp-container-core-columns-is-layout-9d6595d7 wp-block-columns-is-layout-flex\">\n<div class=\"wp-block-column is-layout-flow wp-block-column-is-layout-flow\" style=\"flex-basis:50%\">\n<p class=\"has-white-color has-text-color has-extra-small-font-size\" style=\"line-height:0\"><em>mit freundlicher Unterst\u00fctzung von<\/em><\/p>\n<\/div>\n\n\n\n<div class=\"wp-block-column is-layout-flow wp-block-column-is-layout-flow\" style=\"flex-basis:50%\">\n<figure class=\"wp-block-gallery has-nested-images columns-default wp-block-gallery-2 is-layout-flex wp-block-gallery-is-layout-flex\">\n<figure class=\"wp-block-image size-thumbnail\"><img loading=\"lazy\" decoding=\"async\" width=\"1772\" height=\"1139\" data-id=\"307\" src=\"http:\/\/now.mur.at\/wp-content\/uploads\/2021\/08\/a9_kultur_europa_sport.jpg?w=150\" alt=\"\" class=\"wp-image-307\" srcset=\"https:\/\/now.mur.at\/wp-content\/uploads\/2021\/08\/a9_kultur_europa_sport.jpg 1772w, https:\/\/now.mur.at\/wp-content\/uploads\/2021\/08\/a9_kultur_europa_sport-300x193.jpg 300w, https:\/\/now.mur.at\/wp-content\/uploads\/2021\/08\/a9_kultur_europa_sport-1024x658.jpg 1024w, https:\/\/now.mur.at\/wp-content\/uploads\/2021\/08\/a9_kultur_europa_sport-768x494.jpg 768w, https:\/\/now.mur.at\/wp-content\/uploads\/2021\/08\/a9_kultur_europa_sport-1536x987.jpg 1536w, https:\/\/now.mur.at\/wp-content\/uploads\/2021\/08\/a9_kultur_europa_sport-1568x1008.jpg 1568w\" sizes=\"auto, (max-width: 1772px) 100vw, 1772px\" \/><\/figure>\n\n\n\n<figure class=\"wp-block-image size-thumbnail\"><img loading=\"lazy\" decoding=\"async\" width=\"1890\" height=\"521\" data-id=\"301\" src=\"http:\/\/now.mur.at\/wp-content\/uploads\/2021\/08\/graz.jpg?w=150\" alt=\"\" class=\"wp-image-301\" srcset=\"https:\/\/now.mur.at\/wp-content\/uploads\/2021\/08\/graz.jpg 1890w, https:\/\/now.mur.at\/wp-content\/uploads\/2021\/08\/graz-300x83.jpg 300w, https:\/\/now.mur.at\/wp-content\/uploads\/2021\/08\/graz-1024x282.jpg 1024w, https:\/\/now.mur.at\/wp-content\/uploads\/2021\/08\/graz-768x212.jpg 768w, https:\/\/now.mur.at\/wp-content\/uploads\/2021\/08\/graz-1536x423.jpg 1536w, https:\/\/now.mur.at\/wp-content\/uploads\/2021\/08\/graz-1568x432.jpg 1568w\" sizes=\"auto, (max-width: 1890px) 100vw, 1890px\" \/><\/figure>\n\n\n\n<figure class=\"wp-block-image size-thumbnail\"><img loading=\"lazy\" decoding=\"async\" width=\"1200\" height=\"630\" data-id=\"306\" src=\"http:\/\/now.mur.at\/wp-content\/uploads\/2021\/08\/logoopeng.jpg?w=150\" alt=\"\" class=\"wp-image-306\" srcset=\"https:\/\/now.mur.at\/wp-content\/uploads\/2021\/08\/logoopeng.jpg 1200w, https:\/\/now.mur.at\/wp-content\/uploads\/2021\/08\/logoopeng-300x158.jpg 300w, https:\/\/now.mur.at\/wp-content\/uploads\/2021\/08\/logoopeng-1024x538.jpg 1024w, https:\/\/now.mur.at\/wp-content\/uploads\/2021\/08\/logoopeng-768x403.jpg 768w\" sizes=\"auto, (max-width: 1200px) 100vw, 1200px\" \/><\/figure>\n<\/figure>\n<\/div>\n<\/div>\n\n\n\n<div style=\"height:100px\" aria-hidden=\"true\" class=\"wp-block-spacer\"><\/div>\n\n\n\n<div class=\"wp-block-buttons is-horizontal is-content-justification-right is-layout-flex wp-container-core-buttons-is-layout-ae2fe186 wp-block-buttons-is-layout-flex\"><\/div>\n\n\n\n<p class=\"has-text-align-right has-white-color has-text-color\"><strong><a href=\"http:\/\/now.mur.at\">HOME<\/a><\/strong><\/p>\n\n\n\n<div style=\"height:128px\" aria-hidden=\"true\" class=\"wp-block-spacer\"><\/div>\n<\/div><\/div>\n","protected":false},"excerpt":{"rendered":"","protected":false},"author":1,"featured_media":0,"parent":0,"menu_order":0,"comment_status":"closed","ping_status":"closed","template":"","meta":{"footnotes":""},"class_list":["post-262","page","type-page","status-publish","hentry","entry"],"_links":{"self":[{"href":"https:\/\/now.mur.at\/index.php\/wp-json\/wp\/v2\/pages\/262","targetHints":{"allow":["GET"]}}],"collection":[{"href":"https:\/\/now.mur.at\/index.php\/wp-json\/wp\/v2\/pages"}],"about":[{"href":"https:\/\/now.mur.at\/index.php\/wp-json\/wp\/v2\/types\/page"}],"author":[{"embeddable":true,"href":"https:\/\/now.mur.at\/index.php\/wp-json\/wp\/v2\/users\/1"}],"replies":[{"embeddable":true,"href":"https:\/\/now.mur.at\/index.php\/wp-json\/wp\/v2\/comments?post=262"}],"version-history":[{"count":7,"href":"https:\/\/now.mur.at\/index.php\/wp-json\/wp\/v2\/pages\/262\/revisions"}],"predecessor-version":[{"id":540,"href":"https:\/\/now.mur.at\/index.php\/wp-json\/wp\/v2\/pages\/262\/revisions\/540"}],"wp:attachment":[{"href":"https:\/\/now.mur.at\/index.php\/wp-json\/wp\/v2\/media?parent=262"}],"curies":[{"name":"wp","href":"https:\/\/api.w.org\/{rel}","templated":true}]}}