{"id":777,"date":"2023-04-03T12:39:35","date_gmt":"2023-04-03T12:39:35","guid":{"rendered":"https:\/\/now.mur.at\/?page_id=777"},"modified":"2024-03-23T20:32:04","modified_gmt":"2024-03-23T20:32:04","slug":"seems-like-a-portal","status":"publish","type":"page","link":"https:\/\/now.mur.at\/index.php\/seems-like-a-portal\/","title":{"rendered":"Seems Like a Portal"},"content":{"rendered":"\n<div class=\"wp-block-cover alignfull is-light has-parallax\"><span aria-hidden=\"true\" class=\"wp-block-cover__background has-red-background-color has-background-dim-60 has-background-dim\"><\/span><div role=\"img\" class=\"wp-block-cover__image-background wp-image-780 has-parallax\" style=\"background-position:50% 50%;background-image:url(http:\/\/now.mur.at\/wp-content\/uploads\/2023\/04\/A2.png)\"><\/div><div class=\"wp-block-cover__inner-container is-layout-flow wp-block-cover-is-layout-flow\">\n<p class=\"has-text-align-right has-dark-gray-color has-text-color\"><strong><a rel=\"noreferrer noopener\" href=\"http:\/\/www.scottrubinmusic.com\/\" data-type=\"URL\" data-id=\"http:\/\/www.scottrubinmusic.com\/\" target=\"_blank\">Scott Rubin<\/a><\/strong> (USA) | Komposition, Performance<br><strong><a rel=\"noreferrer noopener\" href=\"https:\/\/www.cbcdance.com\/\" target=\"_blank\">Christine Bonansea Saulut<\/a><\/strong> (FR\/DE) | Chorepgraphie, Performance<br><strong><a rel=\"noreferrer noopener\" href=\"https:\/\/www.antonisrouvelas.com\/\" target=\"_blank\">Antonis Rouvelas<\/a><\/strong> (GRE\/AT) | Lichtdesign<br><strong><a rel=\"noreferrer noopener\" href=\"http:\/\/www.betweenfeathers.com\" target=\"_blank\">Between Feathers<\/a><\/strong> (AT)  [El\u012bna Vi\u013cuma-Helling, Audrey G. Perreault, Hannes Sch\u00f6ggl, Maria Mogas Gensana] | Performance<\/p>\n\n\n\n<hr class=\"wp-block-separator has-alpha-channel-opacity\"\/>\n\n\n\n<p class=\"has-text-align-center has-dark-gray-color has-text-color has-small-font-size\"><strong>19. April 2023, <\/strong><a href=\"https:\/\/www.theateramlend.at\/\" target=\"_blank\" rel=\"noreferrer noopener\"><strong>Theater am Lend<\/strong><\/a><strong>, Graz<\/strong> (AT)<\/p>\n\n\n\n<figure class=\"wp-block-gallery has-nested-images columns-default is-cropped wp-block-gallery-1 is-layout-flex wp-block-gallery-is-layout-flex\">\n<figure class=\"wp-block-image size-large\"><a href=\"https:\/\/now.mur.at\/wp-content\/uploads\/2024\/03\/2CD6B8EB-5530-481E-A1BB-9324B28ED645.jpg\"><img loading=\"lazy\" decoding=\"async\" width=\"1024\" height=\"683\" data-id=\"831\" src=\"https:\/\/now.mur.at\/wp-content\/uploads\/2024\/03\/2CD6B8EB-5530-481E-A1BB-9324B28ED645-1024x683.jpg\" alt=\"\" class=\"wp-image-831\" srcset=\"https:\/\/now.mur.at\/wp-content\/uploads\/2024\/03\/2CD6B8EB-5530-481E-A1BB-9324B28ED645-1024x683.jpg 1024w, https:\/\/now.mur.at\/wp-content\/uploads\/2024\/03\/2CD6B8EB-5530-481E-A1BB-9324B28ED645-300x200.jpg 300w, https:\/\/now.mur.at\/wp-content\/uploads\/2024\/03\/2CD6B8EB-5530-481E-A1BB-9324B28ED645-768x512.jpg 768w, https:\/\/now.mur.at\/wp-content\/uploads\/2024\/03\/2CD6B8EB-5530-481E-A1BB-9324B28ED645.jpg 1080w\" sizes=\"auto, (max-width: 1024px) 100vw, 1024px\" \/><\/a><\/figure>\n\n\n\n<figure class=\"wp-block-image size-large\"><a href=\"https:\/\/now.mur.at\/wp-content\/uploads\/2024\/03\/676B132D-2DF8-4897-B74A-F87E3F59C381.jpg\"><img loading=\"lazy\" decoding=\"async\" width=\"1024\" height=\"683\" data-id=\"834\" src=\"https:\/\/now.mur.at\/wp-content\/uploads\/2024\/03\/676B132D-2DF8-4897-B74A-F87E3F59C381-1024x683.jpg\" alt=\"\" class=\"wp-image-834\" srcset=\"https:\/\/now.mur.at\/wp-content\/uploads\/2024\/03\/676B132D-2DF8-4897-B74A-F87E3F59C381-1024x683.jpg 1024w, https:\/\/now.mur.at\/wp-content\/uploads\/2024\/03\/676B132D-2DF8-4897-B74A-F87E3F59C381-300x200.jpg 300w, https:\/\/now.mur.at\/wp-content\/uploads\/2024\/03\/676B132D-2DF8-4897-B74A-F87E3F59C381-768x512.jpg 768w, https:\/\/now.mur.at\/wp-content\/uploads\/2024\/03\/676B132D-2DF8-4897-B74A-F87E3F59C381.jpg 1080w\" sizes=\"auto, (max-width: 1024px) 100vw, 1024px\" \/><\/a><\/figure>\n\n\n\n<figure class=\"wp-block-image size-large\"><a href=\"https:\/\/now.mur.at\/wp-content\/uploads\/2024\/03\/328A1CA5-5C01-4609-92ED-3C3FC0E4BECF.jpg\"><img loading=\"lazy\" decoding=\"async\" width=\"683\" height=\"1024\" data-id=\"836\" src=\"https:\/\/now.mur.at\/wp-content\/uploads\/2024\/03\/328A1CA5-5C01-4609-92ED-3C3FC0E4BECF-683x1024.jpg\" alt=\"\" class=\"wp-image-836\" srcset=\"https:\/\/now.mur.at\/wp-content\/uploads\/2024\/03\/328A1CA5-5C01-4609-92ED-3C3FC0E4BECF-683x1024.jpg 683w, https:\/\/now.mur.at\/wp-content\/uploads\/2024\/03\/328A1CA5-5C01-4609-92ED-3C3FC0E4BECF-200x300.jpg 200w, https:\/\/now.mur.at\/wp-content\/uploads\/2024\/03\/328A1CA5-5C01-4609-92ED-3C3FC0E4BECF.jpg 720w\" sizes=\"auto, (max-width: 683px) 100vw, 683px\" \/><\/a><\/figure>\n\n\n\n<figure class=\"wp-block-image size-large\"><a href=\"https:\/\/now.mur.at\/wp-content\/uploads\/2024\/03\/9F2489C3-A217-4BA1-AC75-18315081348F.jpg\"><img loading=\"lazy\" decoding=\"async\" width=\"683\" height=\"1024\" data-id=\"832\" src=\"https:\/\/now.mur.at\/wp-content\/uploads\/2024\/03\/9F2489C3-A217-4BA1-AC75-18315081348F-683x1024.jpg\" alt=\"\" class=\"wp-image-832\" srcset=\"https:\/\/now.mur.at\/wp-content\/uploads\/2024\/03\/9F2489C3-A217-4BA1-AC75-18315081348F-683x1024.jpg 683w, https:\/\/now.mur.at\/wp-content\/uploads\/2024\/03\/9F2489C3-A217-4BA1-AC75-18315081348F-200x300.jpg 200w, https:\/\/now.mur.at\/wp-content\/uploads\/2024\/03\/9F2489C3-A217-4BA1-AC75-18315081348F.jpg 720w\" sizes=\"auto, (max-width: 683px) 100vw, 683px\" \/><\/a><\/figure>\n\n\n\n<figure class=\"wp-block-image size-large\"><a href=\"https:\/\/now.mur.at\/wp-content\/uploads\/2024\/03\/62B2036E-D5ED-46E4-9F72-F169B81F18F9.jpg\"><img loading=\"lazy\" decoding=\"async\" width=\"1024\" height=\"683\" data-id=\"839\" src=\"https:\/\/now.mur.at\/wp-content\/uploads\/2024\/03\/62B2036E-D5ED-46E4-9F72-F169B81F18F9-1024x683.jpg\" alt=\"\" class=\"wp-image-839\" srcset=\"https:\/\/now.mur.at\/wp-content\/uploads\/2024\/03\/62B2036E-D5ED-46E4-9F72-F169B81F18F9-1024x683.jpg 1024w, https:\/\/now.mur.at\/wp-content\/uploads\/2024\/03\/62B2036E-D5ED-46E4-9F72-F169B81F18F9-300x200.jpg 300w, https:\/\/now.mur.at\/wp-content\/uploads\/2024\/03\/62B2036E-D5ED-46E4-9F72-F169B81F18F9-768x512.jpg 768w, https:\/\/now.mur.at\/wp-content\/uploads\/2024\/03\/62B2036E-D5ED-46E4-9F72-F169B81F18F9.jpg 1080w\" sizes=\"auto, (max-width: 1024px) 100vw, 1024px\" \/><\/a><\/figure>\n\n\n\n<figure class=\"wp-block-image size-large\"><a href=\"https:\/\/now.mur.at\/wp-content\/uploads\/2024\/03\/3725B44E-C167-4F60-AD1A-4B443F86FA6E.jpg\"><img loading=\"lazy\" decoding=\"async\" width=\"682\" height=\"1024\" data-id=\"837\" src=\"https:\/\/now.mur.at\/wp-content\/uploads\/2024\/03\/3725B44E-C167-4F60-AD1A-4B443F86FA6E-682x1024.jpg\" alt=\"\" class=\"wp-image-837\" srcset=\"https:\/\/now.mur.at\/wp-content\/uploads\/2024\/03\/3725B44E-C167-4F60-AD1A-4B443F86FA6E-682x1024.jpg 682w, https:\/\/now.mur.at\/wp-content\/uploads\/2024\/03\/3725B44E-C167-4F60-AD1A-4B443F86FA6E-200x300.jpg 200w, https:\/\/now.mur.at\/wp-content\/uploads\/2024\/03\/3725B44E-C167-4F60-AD1A-4B443F86FA6E.jpg 720w\" sizes=\"auto, (max-width: 682px) 100vw, 682px\" \/><\/a><\/figure>\n\n\n\n<figure class=\"wp-block-image size-large\"><a href=\"https:\/\/now.mur.at\/wp-content\/uploads\/2024\/03\/224249F6-9C83-48D2-944C-F9E48BCDBD11.jpg\"><img loading=\"lazy\" decoding=\"async\" width=\"1024\" height=\"683\" data-id=\"841\" src=\"https:\/\/now.mur.at\/wp-content\/uploads\/2024\/03\/224249F6-9C83-48D2-944C-F9E48BCDBD11-1024x683.jpg\" alt=\"\" class=\"wp-image-841\" srcset=\"https:\/\/now.mur.at\/wp-content\/uploads\/2024\/03\/224249F6-9C83-48D2-944C-F9E48BCDBD11-1024x683.jpg 1024w, https:\/\/now.mur.at\/wp-content\/uploads\/2024\/03\/224249F6-9C83-48D2-944C-F9E48BCDBD11-300x200.jpg 300w, https:\/\/now.mur.at\/wp-content\/uploads\/2024\/03\/224249F6-9C83-48D2-944C-F9E48BCDBD11-768x512.jpg 768w, https:\/\/now.mur.at\/wp-content\/uploads\/2024\/03\/224249F6-9C83-48D2-944C-F9E48BCDBD11.jpg 1080w\" sizes=\"auto, (max-width: 1024px) 100vw, 1024px\" \/><\/a><\/figure>\n\n\n\n<figure class=\"wp-block-image size-large\"><a href=\"https:\/\/now.mur.at\/wp-content\/uploads\/2024\/03\/DFD4F4F2-8D1A-401C-AE9B-1683A2C8A0CD.jpg\"><img loading=\"lazy\" decoding=\"async\" width=\"1024\" height=\"640\" data-id=\"840\" src=\"https:\/\/now.mur.at\/wp-content\/uploads\/2024\/03\/DFD4F4F2-8D1A-401C-AE9B-1683A2C8A0CD-1024x640.jpg\" alt=\"\" class=\"wp-image-840\" srcset=\"https:\/\/now.mur.at\/wp-content\/uploads\/2024\/03\/DFD4F4F2-8D1A-401C-AE9B-1683A2C8A0CD-1024x640.jpg 1024w, https:\/\/now.mur.at\/wp-content\/uploads\/2024\/03\/DFD4F4F2-8D1A-401C-AE9B-1683A2C8A0CD-300x188.jpg 300w, https:\/\/now.mur.at\/wp-content\/uploads\/2024\/03\/DFD4F4F2-8D1A-401C-AE9B-1683A2C8A0CD-768x480.jpg 768w, https:\/\/now.mur.at\/wp-content\/uploads\/2024\/03\/DFD4F4F2-8D1A-401C-AE9B-1683A2C8A0CD.jpg 1080w\" sizes=\"auto, (max-width: 1024px) 100vw, 1024px\" \/><\/a><\/figure>\n\n\n\n<figure class=\"wp-block-image size-large\"><a href=\"https:\/\/now.mur.at\/wp-content\/uploads\/2024\/03\/F7DA07C5-0B45-4D55-9289-08EA13854B07.jpg\"><img loading=\"lazy\" decoding=\"async\" width=\"683\" height=\"1024\" data-id=\"833\" src=\"https:\/\/now.mur.at\/wp-content\/uploads\/2024\/03\/F7DA07C5-0B45-4D55-9289-08EA13854B07-683x1024.jpg\" alt=\"\" class=\"wp-image-833\" srcset=\"https:\/\/now.mur.at\/wp-content\/uploads\/2024\/03\/F7DA07C5-0B45-4D55-9289-08EA13854B07-683x1024.jpg 683w, https:\/\/now.mur.at\/wp-content\/uploads\/2024\/03\/F7DA07C5-0B45-4D55-9289-08EA13854B07-200x300.jpg 200w, https:\/\/now.mur.at\/wp-content\/uploads\/2024\/03\/F7DA07C5-0B45-4D55-9289-08EA13854B07.jpg 720w\" sizes=\"auto, (max-width: 683px) 100vw, 683px\" \/><\/a><\/figure>\n\n\n\n<figure class=\"wp-block-image size-large\"><a href=\"https:\/\/now.mur.at\/wp-content\/uploads\/2024\/03\/EEFB0DDB-C183-4E3B-9AD6-FD2260DF803E.jpg\"><img loading=\"lazy\" decoding=\"async\" width=\"1024\" height=\"683\" data-id=\"835\" src=\"https:\/\/now.mur.at\/wp-content\/uploads\/2024\/03\/EEFB0DDB-C183-4E3B-9AD6-FD2260DF803E-1024x683.jpg\" alt=\"\" class=\"wp-image-835\" srcset=\"https:\/\/now.mur.at\/wp-content\/uploads\/2024\/03\/EEFB0DDB-C183-4E3B-9AD6-FD2260DF803E-1024x683.jpg 1024w, https:\/\/now.mur.at\/wp-content\/uploads\/2024\/03\/EEFB0DDB-C183-4E3B-9AD6-FD2260DF803E-300x200.jpg 300w, https:\/\/now.mur.at\/wp-content\/uploads\/2024\/03\/EEFB0DDB-C183-4E3B-9AD6-FD2260DF803E-768x512.jpg 768w, https:\/\/now.mur.at\/wp-content\/uploads\/2024\/03\/EEFB0DDB-C183-4E3B-9AD6-FD2260DF803E.jpg 1080w\" sizes=\"auto, (max-width: 1024px) 100vw, 1024px\" \/><\/a><\/figure>\n\n\n\n<figure class=\"wp-block-image size-large\"><a href=\"https:\/\/now.mur.at\/wp-content\/uploads\/2024\/03\/04043A90-08ED-4A34-AC2B-92D16DD68E91.jpg\"><img loading=\"lazy\" decoding=\"async\" width=\"1024\" height=\"683\" data-id=\"838\" src=\"https:\/\/now.mur.at\/wp-content\/uploads\/2024\/03\/04043A90-08ED-4A34-AC2B-92D16DD68E91-1024x683.jpg\" alt=\"\" class=\"wp-image-838\" srcset=\"https:\/\/now.mur.at\/wp-content\/uploads\/2024\/03\/04043A90-08ED-4A34-AC2B-92D16DD68E91-1024x683.jpg 1024w, https:\/\/now.mur.at\/wp-content\/uploads\/2024\/03\/04043A90-08ED-4A34-AC2B-92D16DD68E91-300x200.jpg 300w, https:\/\/now.mur.at\/wp-content\/uploads\/2024\/03\/04043A90-08ED-4A34-AC2B-92D16DD68E91-768x512.jpg 768w, https:\/\/now.mur.at\/wp-content\/uploads\/2024\/03\/04043A90-08ED-4A34-AC2B-92D16DD68E91.jpg 1080w\" sizes=\"auto, (max-width: 1024px) 100vw, 1024px\" \/><\/a><\/figure>\n<\/figure>\n\n\n\n<p class=\"has-text-align-right has-gray-color has-text-color has-link-color has-extra-small-font-size wp-elements-8f8a3048041c37cc63cb1f7d3ca795b6\"><em>Fotos\u00a9 Violeta Lenz<\/em><\/p>\n\n\n\n<p class=\"has-text-align-center has-dark-gray-color has-text-color has-link-color has-small-font-size wp-elements-e80998b7ab3459e2a604af980fe1d58f\"><strong>26. April 2023, <\/strong><a href=\"https:\/\/www.brick-15.at\/\" target=\"_blank\" rel=\"noreferrer noopener\"><strong>Brick-15<\/strong><\/a><strong>, Wien <\/strong>(AT)<\/p>\n\n\n\n<figure class=\"wp-block-embed is-type-video is-provider-youtube wp-block-embed-youtube wp-embed-aspect-16-9 wp-has-aspect-ratio\"><div class=\"wp-block-embed__wrapper\">\n<iframe loading=\"lazy\" title=\"Seems Like A Portal | Scott Rubin, Christin B Saulut, between feathers | movie by Violeta Lenz\" width=\"750\" height=\"422\" src=\"https:\/\/www.youtube.com\/embed\/kHnChn9Yq6Q?feature=oembed\" frameborder=\"0\" allow=\"accelerometer; autoplay; clipboard-write; encrypted-media; gyroscope; picture-in-picture; web-share\" referrerpolicy=\"strict-origin-when-cross-origin\" allowfullscreen><\/iframe>\n<\/div><\/figure>\n\n\n\n<hr class=\"wp-block-separator has-alpha-channel-opacity\"\/>\n\n\n\n<p class=\"has-dark-gray-color has-text-color has-extra-small-font-size\">[EN]<br>\u201cSeems Like a Portal\u201d is a contemporary music theatre performance for one dancer, four musicians (flute, accordion, percussion, voice), lights, projections and live electronics.<br>The audience will witness the creation of a theatrical electro-acoustic world around the five performers. Their relationships are explored through sonic and physical improvisation, film, and motion-sensitive electronic sound. Using media as portals, the artists question and transform their perceptions of reality.<br>This performance is a co-production between NOW! Oper der Gegenwart (Graz) and between feathers (Vienna). The quartet met with the US composer Scott Rubin and French dancer and choreographer Christine B Saulut in 2019 \u2013 after many delays due to the covid-19-pandemic, the project is realised in 2023 in Graz and Vienna. Antonis Rouvelas completes the team as a light designer.<br>In addition to Seems like a portal, Scott Rubin will perform a Solo set on viola and live electronics.<br>&#8212;&#8212;&#8212;&#8212;&#8212;&#8212;&#8212;&#8212;&#8212;&#8212;&#8212;&#8211;<br>[DE]<br>\u201cSeems Like a Portal\u201d ist eine zeitgen\u00f6ssische Musiktheater-Performance f\u00fcr eine T\u00e4nzerin, vier Musiker:innen (Fl\u00f6te, Akkordeon, Percussion &amp; Stimme), Licht, Video und Live-Elektronik.<br>Das Publikum wird Zeuge, wie eine elektro-akustische Welt um die f\u00fcnf Performer:innen geschaffen wird. Ihre Beziehungen zueinander werden durch klangliche und physische Improvisationen, Videos und bewegungsempfindliche Sensoren erkundet. Indem sie die verschiedenen Medien als Portale nutzen, hinterfragen und ver\u00e4ndern die K\u00fcnstler:inner ihre Wahrnehmung der Realit\u00e4t.<br>Diese Performance ist eine Koproduktion zwischen NOW! Oper der Gegenwart (Graz) und between feathers (Wien). Das Quartett traf sich 2019 mit dem US-Komponisten Scott Rubin und der franz\u00f6sischen T\u00e4nzerin und Choreographin Christine B. Saulut &#8211; nach vielen Verz\u00f6gerungen aufgrund der Covid-19-Pandemie wird das Projekt 2023 in Graz und Wien realisiert. Antonis Rouvelas vervollst\u00e4ndigt das Team als Lichtdesigner.<br>Zus\u00e4tzlich zu Seems like a portal wird Scott Rubin ein Soloset f\u00fcr Viola und Live-Elektronik spielen.<\/p>\n\n\n\n<figure class=\"wp-block-image size-large\"><img loading=\"lazy\" decoding=\"async\" width=\"724\" height=\"1024\" src=\"https:\/\/now.mur.at\/wp-content\/uploads\/2023\/04\/A6-724x1024.png\" alt=\"\" class=\"wp-image-778\" srcset=\"https:\/\/now.mur.at\/wp-content\/uploads\/2023\/04\/A6-724x1024.png 724w, https:\/\/now.mur.at\/wp-content\/uploads\/2023\/04\/A6-212x300.png 212w, https:\/\/now.mur.at\/wp-content\/uploads\/2023\/04\/A6-768x1086.png 768w, https:\/\/now.mur.at\/wp-content\/uploads\/2023\/04\/A6.png 891w\" sizes=\"auto, (max-width: 724px) 100vw, 724px\" \/><\/figure>\n\n\n\n<hr class=\"wp-block-separator has-alpha-channel-opacity\"\/>\n\n\n\n<p class=\"has-dark-gray-color has-text-color has-extra-small-font-size\"><em>mit freundlicher Unterst\u00fctzung von<\/em><\/p>\n\n\n\n<div class=\"wp-block-columns is-layout-flex wp-container-core-columns-is-layout-9d6595d7 wp-block-columns-is-layout-flex\">\n<div class=\"wp-block-column is-layout-flow wp-block-column-is-layout-flow\" style=\"flex-basis:25%\">\n<figure class=\"wp-block-image size-large\"><img loading=\"lazy\" decoding=\"async\" width=\"1024\" height=\"282\" src=\"https:\/\/now.mur.at\/wp-content\/uploads\/2021\/08\/graz-1024x282.jpg\" alt=\"\" class=\"wp-image-301\" srcset=\"https:\/\/now.mur.at\/wp-content\/uploads\/2021\/08\/graz-1024x282.jpg 1024w, https:\/\/now.mur.at\/wp-content\/uploads\/2021\/08\/graz-300x83.jpg 300w, https:\/\/now.mur.at\/wp-content\/uploads\/2021\/08\/graz-768x212.jpg 768w, https:\/\/now.mur.at\/wp-content\/uploads\/2021\/08\/graz-1536x423.jpg 1536w, https:\/\/now.mur.at\/wp-content\/uploads\/2021\/08\/graz-1568x432.jpg 1568w, https:\/\/now.mur.at\/wp-content\/uploads\/2021\/08\/graz.jpg 1890w\" sizes=\"auto, (max-width: 1024px) 100vw, 1024px\" \/><\/figure>\n<\/div>\n\n\n\n<div class=\"wp-block-column is-layout-flow wp-block-column-is-layout-flow\" style=\"flex-basis:25%\">\n<figure class=\"wp-block-image size-large is-resized\"><img loading=\"lazy\" decoding=\"async\" width=\"1024\" height=\"658\" src=\"http:\/\/now.mur.at\/wp-content\/uploads\/2021\/08\/a9_kultur_europa_sport-1024x658.jpg\" alt=\"\" class=\"wp-image-307\" style=\"aspect-ratio:1.5714285714285714;width:88px;height:auto\" srcset=\"https:\/\/now.mur.at\/wp-content\/uploads\/2021\/08\/a9_kultur_europa_sport-1024x658.jpg 1024w, https:\/\/now.mur.at\/wp-content\/uploads\/2021\/08\/a9_kultur_europa_sport-300x193.jpg 300w, https:\/\/now.mur.at\/wp-content\/uploads\/2021\/08\/a9_kultur_europa_sport-768x494.jpg 768w, https:\/\/now.mur.at\/wp-content\/uploads\/2021\/08\/a9_kultur_europa_sport-1536x987.jpg 1536w, https:\/\/now.mur.at\/wp-content\/uploads\/2021\/08\/a9_kultur_europa_sport-1568x1008.jpg 1568w, https:\/\/now.mur.at\/wp-content\/uploads\/2021\/08\/a9_kultur_europa_sport.jpg 1772w\" sizes=\"auto, (max-width: 1024px) 100vw, 1024px\" \/><\/figure>\n<\/div>\n\n\n\n<div class=\"wp-block-column is-layout-flow wp-block-column-is-layout-flow\" style=\"flex-basis:25%\">\n<figure class=\"wp-block-image size-large is-resized\"><img loading=\"lazy\" decoding=\"async\" width=\"1024\" height=\"538\" src=\"http:\/\/now.mur.at\/wp-content\/uploads\/2021\/08\/logoopeng-1024x538.jpg\" alt=\"\" class=\"wp-image-306\" style=\"aspect-ratio:1.9078947368421053;width:114px;height:auto\" srcset=\"https:\/\/now.mur.at\/wp-content\/uploads\/2021\/08\/logoopeng-1024x538.jpg 1024w, https:\/\/now.mur.at\/wp-content\/uploads\/2021\/08\/logoopeng-300x158.jpg 300w, https:\/\/now.mur.at\/wp-content\/uploads\/2021\/08\/logoopeng-768x403.jpg 768w, https:\/\/now.mur.at\/wp-content\/uploads\/2021\/08\/logoopeng.jpg 1200w\" sizes=\"auto, (max-width: 1024px) 100vw, 1024px\" \/><\/figure>\n<\/div>\n\n\n\n<div class=\"wp-block-column is-layout-flow wp-block-column-is-layout-flow\" style=\"flex-basis:25%\">\n<figure class=\"wp-block-image size-large is-resized\"><img loading=\"lazy\" decoding=\"async\" width=\"1024\" height=\"467\" src=\"https:\/\/now.mur.at\/wp-content\/uploads\/2023\/04\/1280px-Wien_logo.svg_-1024x467.png\" alt=\"\" class=\"wp-image-779\" style=\"width:93px;height:43px\" srcset=\"https:\/\/now.mur.at\/wp-content\/uploads\/2023\/04\/1280px-Wien_logo.svg_-1024x467.png 1024w, https:\/\/now.mur.at\/wp-content\/uploads\/2023\/04\/1280px-Wien_logo.svg_-300x137.png 300w, https:\/\/now.mur.at\/wp-content\/uploads\/2023\/04\/1280px-Wien_logo.svg_-768x350.png 768w, https:\/\/now.mur.at\/wp-content\/uploads\/2023\/04\/1280px-Wien_logo.svg_.png 1280w\" sizes=\"auto, (max-width: 1024px) 100vw, 1024px\" \/><\/figure>\n<\/div>\n<\/div>\n\n\n\n<div style=\"height:100px\" aria-hidden=\"true\" class=\"wp-block-spacer\"><\/div>\n\n\n\n<p class=\"has-text-align-right has-gray-color has-text-color\"><strong><a href=\"https:\/\/now.mur.at\/\" data-type=\"page\" data-id=\"9\">HOME<\/a><\/strong><\/p>\n<\/div><\/div>\n","protected":false},"excerpt":{"rendered":"","protected":false},"author":2,"featured_media":0,"parent":0,"menu_order":0,"comment_status":"closed","ping_status":"closed","template":"","meta":{"footnotes":""},"class_list":["post-777","page","type-page","status-publish","hentry","entry"],"_links":{"self":[{"href":"https:\/\/now.mur.at\/index.php\/wp-json\/wp\/v2\/pages\/777","targetHints":{"allow":["GET"]}}],"collection":[{"href":"https:\/\/now.mur.at\/index.php\/wp-json\/wp\/v2\/pages"}],"about":[{"href":"https:\/\/now.mur.at\/index.php\/wp-json\/wp\/v2\/types\/page"}],"author":[{"embeddable":true,"href":"https:\/\/now.mur.at\/index.php\/wp-json\/wp\/v2\/users\/2"}],"replies":[{"embeddable":true,"href":"https:\/\/now.mur.at\/index.php\/wp-json\/wp\/v2\/comments?post=777"}],"version-history":[{"count":6,"href":"https:\/\/now.mur.at\/index.php\/wp-json\/wp\/v2\/pages\/777\/revisions"}],"predecessor-version":[{"id":844,"href":"https:\/\/now.mur.at\/index.php\/wp-json\/wp\/v2\/pages\/777\/revisions\/844"}],"wp:attachment":[{"href":"https:\/\/now.mur.at\/index.php\/wp-json\/wp\/v2\/media?parent=777"}],"curies":[{"name":"wp","href":"https:\/\/api.w.org\/{rel}","templated":true}]}}