{"id":819,"date":"2024-03-23T15:47:26","date_gmt":"2024-03-23T15:47:26","guid":{"rendered":"https:\/\/now.mur.at\/?page_id=819"},"modified":"2025-03-23T11:36:39","modified_gmt":"2025-03-23T11:36:39","slug":"alive","status":"publish","type":"page","link":"https:\/\/now.mur.at\/index.php\/alive\/","title":{"rendered":"Alive"},"content":{"rendered":"\n<div class=\"wp-block-cover alignfull has-parallax\"><span aria-hidden=\"true\" class=\"wp-block-cover__background has-black-background-color has-background-dim-70 has-background-dim\"><\/span><div class=\"wp-block-cover__image-background wp-image-820 has-parallax\" style=\"background-position:50% 50%;background-image:url(https:\/\/now.mur.at\/wp-content\/uploads\/2024\/03\/hayy-ibn-yaqzan-04.jpg)\"><\/div><div class=\"wp-block-cover__inner-container is-layout-flow wp-block-cover-is-layout-flow\">\n<p class=\"has-text-align-right\"><strong>Sinan Samanli <\/strong>(TUR\/AT) | Komposition, Konzept, Oud<br><strong>Alisa Kobzar<\/strong> (UKR\/AT) | Visuals<br><strong><a href=\"https:\/\/www.antonisrouvelas.com\/\" target=\"_blank\" rel=\"noreferrer noopener\">Antonis Rouvelas<\/a><\/strong> (GRE\/AT) | Lichtdesign<br>mit <strong><a href=\"https:\/\/www.schallfeldensemble.com\/de\/\" target=\"_blank\" rel=\"noreferrer noopener\">Schallfeld Ensemble<\/a><\/strong><\/p>\n\n\n\n<hr class=\"wp-block-separator has-alpha-channel-opacity\"\/>\n\n\n\n<p class=\"has-text-align-center has-small-font-size\"><strong>29. Januar 2025 20:00<\/strong><br><a href=\"https:\/\/www.theateramlend.at\/\" target=\"_blank\" rel=\"noreferrer noopener\"><strong>Theater am Lend<\/strong><\/a><strong>, <\/strong>(Wiener Stra\u00dfe 58a, 8020 Graz)<\/p>\n\n\n\n<hr class=\"wp-block-separator has-alpha-channel-opacity\"\/>\n\n\n\n<figure class=\"wp-block-gallery has-nested-images columns-default is-cropped wp-block-gallery-1 is-layout-flex wp-block-gallery-is-layout-flex\">\n<figure class=\"wp-block-image size-large\"><a href=\"https:\/\/now.mur.at\/wp-content\/uploads\/2025\/03\/475517154_1154916033302494_2979047609232611988_n.jpg\" target=\"_blank\" rel=\" noreferrer noopener\"><img loading=\"lazy\" decoding=\"async\" width=\"1024\" height=\"768\" data-id=\"920\" src=\"https:\/\/now.mur.at\/wp-content\/uploads\/2025\/03\/475517154_1154916033302494_2979047609232611988_n-1024x768.jpg\" alt=\"\" class=\"wp-image-920\" srcset=\"https:\/\/now.mur.at\/wp-content\/uploads\/2025\/03\/475517154_1154916033302494_2979047609232611988_n-1024x768.jpg 1024w, https:\/\/now.mur.at\/wp-content\/uploads\/2025\/03\/475517154_1154916033302494_2979047609232611988_n-300x225.jpg 300w, https:\/\/now.mur.at\/wp-content\/uploads\/2025\/03\/475517154_1154916033302494_2979047609232611988_n-768x576.jpg 768w, https:\/\/now.mur.at\/wp-content\/uploads\/2025\/03\/475517154_1154916033302494_2979047609232611988_n-1536x1152.jpg 1536w, https:\/\/now.mur.at\/wp-content\/uploads\/2025\/03\/475517154_1154916033302494_2979047609232611988_n-1568x1176.jpg 1568w, https:\/\/now.mur.at\/wp-content\/uploads\/2025\/03\/475517154_1154916033302494_2979047609232611988_n.jpg 2048w\" sizes=\"auto, (max-width: 1024px) 100vw, 1024px\" \/><\/a><\/figure>\n\n\n\n<figure class=\"wp-block-image size-large\"><a href=\"https:\/\/now.mur.at\/wp-content\/uploads\/2025\/03\/475756894_1154915829969181_2136157871615981567_n.jpg\" target=\"_blank\" rel=\" noreferrer noopener\"><img loading=\"lazy\" decoding=\"async\" width=\"1024\" height=\"768\" data-id=\"921\" src=\"https:\/\/now.mur.at\/wp-content\/uploads\/2025\/03\/475756894_1154915829969181_2136157871615981567_n-1024x768.jpg\" alt=\"\" class=\"wp-image-921\" srcset=\"https:\/\/now.mur.at\/wp-content\/uploads\/2025\/03\/475756894_1154915829969181_2136157871615981567_n-1024x768.jpg 1024w, https:\/\/now.mur.at\/wp-content\/uploads\/2025\/03\/475756894_1154915829969181_2136157871615981567_n-300x225.jpg 300w, https:\/\/now.mur.at\/wp-content\/uploads\/2025\/03\/475756894_1154915829969181_2136157871615981567_n-768x576.jpg 768w, https:\/\/now.mur.at\/wp-content\/uploads\/2025\/03\/475756894_1154915829969181_2136157871615981567_n-1536x1152.jpg 1536w, https:\/\/now.mur.at\/wp-content\/uploads\/2025\/03\/475756894_1154915829969181_2136157871615981567_n-1568x1176.jpg 1568w, https:\/\/now.mur.at\/wp-content\/uploads\/2025\/03\/475756894_1154915829969181_2136157871615981567_n.jpg 2048w\" sizes=\"auto, (max-width: 1024px) 100vw, 1024px\" \/><\/a><\/figure>\n\n\n\n<figure class=\"wp-block-image size-large\"><a href=\"https:\/\/now.mur.at\/wp-content\/uploads\/2025\/03\/475543527_1154915836635847_5105785296408228627_n.jpg\" target=\"_blank\" rel=\" noreferrer noopener\"><img loading=\"lazy\" decoding=\"async\" width=\"768\" height=\"1024\" data-id=\"919\" src=\"https:\/\/now.mur.at\/wp-content\/uploads\/2025\/03\/475543527_1154915836635847_5105785296408228627_n-768x1024.jpg\" alt=\"\" class=\"wp-image-919\" srcset=\"https:\/\/now.mur.at\/wp-content\/uploads\/2025\/03\/475543527_1154915836635847_5105785296408228627_n-768x1024.jpg 768w, https:\/\/now.mur.at\/wp-content\/uploads\/2025\/03\/475543527_1154915836635847_5105785296408228627_n-225x300.jpg 225w, https:\/\/now.mur.at\/wp-content\/uploads\/2025\/03\/475543527_1154915836635847_5105785296408228627_n-1152x1536.jpg 1152w, https:\/\/now.mur.at\/wp-content\/uploads\/2025\/03\/475543527_1154915836635847_5105785296408228627_n.jpg 1536w\" sizes=\"auto, (max-width: 768px) 100vw, 768px\" \/><\/a><\/figure>\n\n\n\n<figure class=\"wp-block-image size-large\"><a href=\"https:\/\/now.mur.at\/wp-content\/uploads\/2025\/03\/474876925_1154915919969172_4678928340885243622_n.jpg\" target=\"_blank\" rel=\" noreferrer noopener\"><img loading=\"lazy\" decoding=\"async\" width=\"1024\" height=\"768\" data-id=\"918\" src=\"https:\/\/now.mur.at\/wp-content\/uploads\/2025\/03\/474876925_1154915919969172_4678928340885243622_n-1024x768.jpg\" alt=\"\" class=\"wp-image-918\" srcset=\"https:\/\/now.mur.at\/wp-content\/uploads\/2025\/03\/474876925_1154915919969172_4678928340885243622_n-1024x768.jpg 1024w, https:\/\/now.mur.at\/wp-content\/uploads\/2025\/03\/474876925_1154915919969172_4678928340885243622_n-300x225.jpg 300w, https:\/\/now.mur.at\/wp-content\/uploads\/2025\/03\/474876925_1154915919969172_4678928340885243622_n-768x576.jpg 768w, https:\/\/now.mur.at\/wp-content\/uploads\/2025\/03\/474876925_1154915919969172_4678928340885243622_n-1536x1152.jpg 1536w, https:\/\/now.mur.at\/wp-content\/uploads\/2025\/03\/474876925_1154915919969172_4678928340885243622_n-1568x1176.jpg 1568w, https:\/\/now.mur.at\/wp-content\/uploads\/2025\/03\/474876925_1154915919969172_4678928340885243622_n.jpg 2048w\" sizes=\"auto, (max-width: 1024px) 100vw, 1024px\" \/><\/a><\/figure>\n<\/figure>\n\n\n\n<figure class=\"wp-block-image size-large\"><img loading=\"lazy\" decoding=\"async\" width=\"729\" height=\"1024\" src=\"https:\/\/now.mur.at\/wp-content\/uploads\/2025\/01\/Poster_Alive_A3-729x1024.jpg\" alt=\"\" class=\"wp-image-893\" srcset=\"https:\/\/now.mur.at\/wp-content\/uploads\/2025\/01\/Poster_Alive_A3-729x1024.jpg 729w, https:\/\/now.mur.at\/wp-content\/uploads\/2025\/01\/Poster_Alive_A3-213x300.jpg 213w, https:\/\/now.mur.at\/wp-content\/uploads\/2025\/01\/Poster_Alive_A3-768x1079.jpg 768w, https:\/\/now.mur.at\/wp-content\/uploads\/2025\/01\/Poster_Alive_A3.jpg 871w\" sizes=\"auto, (max-width: 729px) 100vw, 729px\" \/><\/figure>\n\n\n\n<p class=\"has-extra-small-font-size\">Die Handlung von Alive basiert auf dem philosophischen Roman Hayy ibn Yaqzan des arabisch-andalusischen Universalgelehrten Ibn Tufail aus dem 12. Jahrhundert.<br>Die Geschichte erz\u00e4hlt von einem Kind, das allein auf einer abgeschiedenen indischen Insel aufw\u00e4chst. Seine einzigen Gef\u00e4hrten sind wilde Tiere, von denen eines die Rolle einer Elternfigur \u00fcbernimmt und es aufzieht, bis es eigenst\u00e4ndig wird. Der Protagonist Hayy spricht in den ersten 50 Jahren seines Lebens nicht, doch seine unstillbare Neugier f\u00fchrt ihn von einem sprachlich eingeschr\u00e4nkten Autodidakten zu einer systematischen Erforschung von Wissen, die schlie\u00dflich in einer umfassenden metaphysischen Perspektive m\u00fcndet. Die Struktur des Romans zeichnet Hayys intellektuelle und spirituelle Entwicklung \u00fcber die ersten f\u00fcnf Jahrzehnte seines Lebens nach.<br>Ibn Tufails brillante literarische Technik, die philosophische Tiefe seines Werkes in einen direkten und ansprechenden Stil zu kleiden, inspirierte die Konzeption eines multimedialen Werks ohne gesprochene Worte. Stattdessen stehen Klang und Bild im Mittelpunkt. Hayys tiefe Neugier auf die nat\u00fcrlichen Gegebenheiten seiner Insel sowie seine intellektuellen und spirituellen Erkundungen transzendentaler Ideen bilden die Grundlage f\u00fcr ein immersives audiovisuelles Erlebnis mit Instrumenten und interaktiver Live-Elektronik.<br>Die unkonventionelle Instrumentenbesetzung wurde so gew\u00e4hlt, dass sie eine vielf\u00e4ltige Klangpalette bietet. Raumkonzepte spielen in der Musik eine zentrale Rolle, um die Landschaften zu veranschaulichen, mit denen Hayy interagiert. Die Fl\u00f6te nimmt dabei eine besondere Stellung ein, da sie von allen Instrumenten dem menschlichen Sprachklang am n\u00e4chsten kommt. Das traditionelle \u00f6stliche Instrument Oud vermittelt mit seiner einzigartigen Klanglichkeit die W\u00e4rme und Eleganz von Ibn Tufails Stil.<\/p>\n\n\n\n<hr class=\"wp-block-separator has-alpha-channel-opacity\"\/>\n\n\n\n<p class=\"has-extra-small-font-size\"><em>mit freundlicher Unterst\u00fctzung von<\/em><\/p>\n\n\n\n<div class=\"wp-block-columns is-layout-flex wp-container-core-columns-is-layout-9d6595d7 wp-block-columns-is-layout-flex\">\n<div class=\"wp-block-column is-layout-flow wp-block-column-is-layout-flow\" style=\"flex-basis:25%\">\n<figure class=\"wp-block-image\"><img loading=\"lazy\" decoding=\"async\" width=\"1890\" height=\"521\" src=\"http:\/\/now.mur.at\/wp-content\/uploads\/2021\/08\/graz.jpg?w=150\" alt=\"\" class=\"wp-image-301\" srcset=\"https:\/\/now.mur.at\/wp-content\/uploads\/2021\/08\/graz.jpg 1890w, https:\/\/now.mur.at\/wp-content\/uploads\/2021\/08\/graz-300x83.jpg 300w, https:\/\/now.mur.at\/wp-content\/uploads\/2021\/08\/graz-1024x282.jpg 1024w, https:\/\/now.mur.at\/wp-content\/uploads\/2021\/08\/graz-768x212.jpg 768w, https:\/\/now.mur.at\/wp-content\/uploads\/2021\/08\/graz-1536x423.jpg 1536w, https:\/\/now.mur.at\/wp-content\/uploads\/2021\/08\/graz-1568x432.jpg 1568w\" sizes=\"auto, (max-width: 1890px) 100vw, 1890px\" \/><\/figure>\n<\/div>\n\n\n\n<div class=\"wp-block-column is-layout-flow wp-block-column-is-layout-flow\" style=\"flex-basis:25%\">\n<figure class=\"wp-block-image is-resized\"><img loading=\"lazy\" decoding=\"async\" width=\"1024\" height=\"658\" src=\"http:\/\/now.mur.at\/wp-content\/uploads\/2021\/08\/a9_kultur_europa_sport-1024x658.jpg\" alt=\"\" class=\"wp-image-307\" style=\"width:104px;height:auto\" srcset=\"https:\/\/now.mur.at\/wp-content\/uploads\/2021\/08\/a9_kultur_europa_sport-1024x658.jpg 1024w, https:\/\/now.mur.at\/wp-content\/uploads\/2021\/08\/a9_kultur_europa_sport-300x193.jpg 300w, https:\/\/now.mur.at\/wp-content\/uploads\/2021\/08\/a9_kultur_europa_sport-768x494.jpg 768w, https:\/\/now.mur.at\/wp-content\/uploads\/2021\/08\/a9_kultur_europa_sport-1536x987.jpg 1536w, https:\/\/now.mur.at\/wp-content\/uploads\/2021\/08\/a9_kultur_europa_sport-1568x1008.jpg 1568w, https:\/\/now.mur.at\/wp-content\/uploads\/2021\/08\/a9_kultur_europa_sport.jpg 1772w\" sizes=\"auto, (max-width: 1024px) 100vw, 1024px\" \/><\/figure>\n<\/div>\n\n\n\n<div class=\"wp-block-column is-layout-flow wp-block-column-is-layout-flow\" style=\"flex-basis:25%\">\n<figure class=\"wp-block-image\"><img loading=\"lazy\" decoding=\"async\" width=\"1024\" height=\"538\" src=\"http:\/\/now.mur.at\/wp-content\/uploads\/2021\/08\/logoopeng-1024x538.jpg\" alt=\"\" class=\"wp-image-306\" srcset=\"https:\/\/now.mur.at\/wp-content\/uploads\/2021\/08\/logoopeng-1024x538.jpg 1024w, https:\/\/now.mur.at\/wp-content\/uploads\/2021\/08\/logoopeng-300x158.jpg 300w, https:\/\/now.mur.at\/wp-content\/uploads\/2021\/08\/logoopeng-768x403.jpg 768w, https:\/\/now.mur.at\/wp-content\/uploads\/2021\/08\/logoopeng.jpg 1200w\" sizes=\"auto, (max-width: 1024px) 100vw, 1024px\" \/><\/figure>\n<\/div>\n\n\n\n<div class=\"wp-block-column is-layout-flow wp-block-column-is-layout-flow\" style=\"flex-basis:25%\">\n<figure class=\"wp-block-image is-resized\"><img loading=\"lazy\" decoding=\"async\" width=\"255\" height=\"213\" src=\"http:\/\/now.mur.at\/wp-content\/uploads\/2021\/08\/ske_logo_top.jpg\" alt=\"\" class=\"wp-image-302\" style=\"width:97px;height:auto\"\/><\/figure>\n<\/div>\n<\/div>\n\n\n\n<div style=\"height:100px\" aria-hidden=\"true\" class=\"wp-block-spacer\"><\/div>\n\n\n\n<p class=\"has-text-align-right\"><strong><a href=\"http:\/\/now.mur.at\">HOME<\/a><\/strong><\/p>\n\n\n\n<div style=\"height:100px\" aria-hidden=\"true\" class=\"wp-block-spacer\"><\/div>\n<\/div><\/div>\n","protected":false},"excerpt":{"rendered":"","protected":false},"author":2,"featured_media":0,"parent":0,"menu_order":0,"comment_status":"closed","ping_status":"closed","template":"","meta":{"footnotes":""},"class_list":["post-819","page","type-page","status-publish","hentry","entry"],"_links":{"self":[{"href":"https:\/\/now.mur.at\/index.php\/wp-json\/wp\/v2\/pages\/819","targetHints":{"allow":["GET"]}}],"collection":[{"href":"https:\/\/now.mur.at\/index.php\/wp-json\/wp\/v2\/pages"}],"about":[{"href":"https:\/\/now.mur.at\/index.php\/wp-json\/wp\/v2\/types\/page"}],"author":[{"embeddable":true,"href":"https:\/\/now.mur.at\/index.php\/wp-json\/wp\/v2\/users\/2"}],"replies":[{"embeddable":true,"href":"https:\/\/now.mur.at\/index.php\/wp-json\/wp\/v2\/comments?post=819"}],"version-history":[{"count":9,"href":"https:\/\/now.mur.at\/index.php\/wp-json\/wp\/v2\/pages\/819\/revisions"}],"predecessor-version":[{"id":922,"href":"https:\/\/now.mur.at\/index.php\/wp-json\/wp\/v2\/pages\/819\/revisions\/922"}],"wp:attachment":[{"href":"https:\/\/now.mur.at\/index.php\/wp-json\/wp\/v2\/media?parent=819"}],"curies":[{"name":"wp","href":"https:\/\/api.w.org\/{rel}","templated":true}]}}