{"id":927,"date":"2025-08-26T13:24:56","date_gmt":"2025-08-26T13:24:56","guid":{"rendered":"https:\/\/now.mur.at\/?page_id=927"},"modified":"2025-10-06T09:42:04","modified_gmt":"2025-10-06T09:42:04","slug":"joyful-music-to-celebrate-life","status":"publish","type":"page","link":"https:\/\/now.mur.at\/index.php\/joyful-music-to-celebrate-life\/","title":{"rendered":"Joyful Music (to celebrate life)"},"content":{"rendered":"\n<div class=\"wp-block-cover alignfull has-parallax\"><div class=\"wp-block-cover__image-background wp-image-947 size-large has-parallax\" style=\"background-position:50% 50%;background-image:url(https:\/\/now.mur.at\/wp-content\/uploads\/2025\/09\/5-1024x576.png)\"><\/div><span aria-hidden=\"true\" class=\"wp-block-cover__background has-background-dim-70 has-background-dim\" style=\"background-color:#5e6f7e\"><\/span><div class=\"wp-block-cover__inner-container is-layout-flow wp-block-cover-is-layout-flow\">\n<p class=\"has-text-align-right has-normal-font-size\"><a href=\"https:\/\/edition-s.dk\/composers\/james-black\" target=\"_blank\" rel=\"noreferrer noopener\"><strong>James Ditlevsen<\/strong> <strong>Black<\/strong> <\/a>(UK\/DK) | Komposition<br><strong><a href=\"https:\/\/www.instagram.com\/giorgiascisciola\/?hl=en\" target=\"_blank\" rel=\"noreferrer noopener\">Giorgia Scisciola<\/a><\/strong> (IT\/AT) | Chorepgraphie, Tanz<br><strong><a href=\"http:\/\/www.betweenfeathers.com\" target=\"_blank\" rel=\"noreferrer noopener\">between feathers<\/a><\/strong> (AT) [Audrey G. Perreault, Hannes Sch\u00f6ggl, Maria Mogas Gensana] | Performance<\/p>\n\n\n\n<hr class=\"wp-block-separator has-alpha-channel-opacity\"\/>\n\n\n\n<p class=\"has-text-align-center has-small-font-size\"><strong>7. Oktober 2025, 19:30 <\/strong><br><a href=\"https:\/\/www.theateramlend.at\/\" target=\"_blank\" rel=\"noreferrer noopener\"><strong>Theater am Lend<\/strong><\/a><strong>, Graz<\/strong> (AT)<br>15\u20ac\/10\u20ac<\/p>\n\n\n\n<p class=\"has-text-align-center has-small-font-size\"><strong>27. Oktober 2025, 19:30 <\/strong><br><strong><a href=\"https:\/\/off-theater.at\/\" data-type=\"link\" data-id=\"https:\/\/off-theater.at\/\" target=\"_blank\" rel=\"noreferrer noopener\">OFF Theater<\/a>, Wien (AT)<\/strong><br><br>Reservierung unter:<br>betweenfeathersensemble@gmail.com<\/p>\n\n\n\n<p class=\"has-small-font-size\"><em>Joyful Music (to celebrate life) &#8211; <\/em>Eine einst\u00fcndige Reise durch Klang, Bewegung und Transformation von Komponist und interdisziplin\u00e4rem K\u00fcnstler <strong>James Ditlevsen Black<\/strong>.<br>Mit einer Verbindung aus Live-Musik, Tanz, Video und Text stellt <em>Joyful Music<\/em> die einfachsten und zugleich tiefsten Fragen: <em>Was bedeutet es, lebendig zu sein? Kann ein Mensch lebendiger sein als ein anderer?<\/em><br>Drei Musiker:innen und eine Bewegungsk\u00fcnstlerin \u2013 treten in wechselnde Rollen, in denen Grenzen verschwimmen: Musiker:innen tanzen, T\u00e4nzer:innen machen Musik, K\u00fcnstler:innen werden zu Zuschauer:innen, und Zuschauer:innen werden Teil des Werks. Aus diesen Transformationen entsteht eine neue gemeinsame Sprache \u2013 eine, die Pr\u00e4senz, Vitalit\u00e4t und die Freude am Miteinander feiert.<br><em>Joyful Music (to celebrate life) <\/em>l\u00e4dt Sie ein, zu erleben, zu reflektieren und das Leben intensiver zu sp\u00fcren.<\/p>\n\n\n\n<figure class=\"wp-block-image size-large\"><img loading=\"lazy\" decoding=\"async\" width=\"724\" height=\"1024\" src=\"https:\/\/now.mur.at\/wp-content\/uploads\/2025\/09\/JoyfulA2-1-724x1024.png\" alt=\"\" class=\"wp-image-949\" srcset=\"https:\/\/now.mur.at\/wp-content\/uploads\/2025\/09\/JoyfulA2-1-724x1024.png 724w, https:\/\/now.mur.at\/wp-content\/uploads\/2025\/09\/JoyfulA2-1-212x300.png 212w, https:\/\/now.mur.at\/wp-content\/uploads\/2025\/09\/JoyfulA2-1-768x1086.png 768w, https:\/\/now.mur.at\/wp-content\/uploads\/2025\/09\/JoyfulA2-1-1086x1536.png 1086w, https:\/\/now.mur.at\/wp-content\/uploads\/2025\/09\/JoyfulA2-1-1448x2048.png 1448w, https:\/\/now.mur.at\/wp-content\/uploads\/2025\/09\/JoyfulA2-1-1568x2218.png 1568w, https:\/\/now.mur.at\/wp-content\/uploads\/2025\/09\/JoyfulA2-1.png 1587w\" sizes=\"auto, (max-width: 724px) 100vw, 724px\" \/><\/figure>\n\n\n\n<hr class=\"wp-block-separator has-alpha-channel-opacity\"\/>\n\n\n\n<p class=\"has-extra-small-font-size\"><em>mit freundlicher Unterst\u00fctzung von<\/em> <br><em>Stadt Wien, Stadt Graz, Land Steiermark, BMWKKS, \u00c5bne Scene, Bears in the Park, Koda Kultur, Danish Arts Foundation, \u00d6sterreichische Botschaft in Kopenhagen<\/em><\/p>\n\n\n\n<div class=\"wp-block-columns is-layout-flex wp-container-core-columns-is-layout-9d6595d7 wp-block-columns-is-layout-flex\">\n<div class=\"wp-block-column is-layout-flow wp-block-column-is-layout-flow\">\n<figure class=\"wp-block-image size-large\"><img loading=\"lazy\" decoding=\"async\" width=\"1024\" height=\"538\" src=\"http:\/\/now.mur.at\/wp-content\/uploads\/2021\/08\/logoopeng-1024x538.jpg\" alt=\"\" class=\"wp-image-306\" srcset=\"https:\/\/now.mur.at\/wp-content\/uploads\/2021\/08\/logoopeng-1024x538.jpg 1024w, https:\/\/now.mur.at\/wp-content\/uploads\/2021\/08\/logoopeng-300x158.jpg 300w, https:\/\/now.mur.at\/wp-content\/uploads\/2021\/08\/logoopeng-768x403.jpg 768w, https:\/\/now.mur.at\/wp-content\/uploads\/2021\/08\/logoopeng.jpg 1200w\" sizes=\"auto, (max-width: 1024px) 100vw, 1024px\" \/><\/figure>\n<\/div>\n\n\n\n<div class=\"wp-block-column is-layout-flow wp-block-column-is-layout-flow\">\n<figure class=\"wp-block-image size-large\"><img loading=\"lazy\" decoding=\"async\" width=\"1024\" height=\"658\" src=\"http:\/\/now.mur.at\/wp-content\/uploads\/2021\/08\/a9_kultur_europa_sport-1024x658.jpg\" alt=\"\" class=\"wp-image-307\" srcset=\"https:\/\/now.mur.at\/wp-content\/uploads\/2021\/08\/a9_kultur_europa_sport-1024x658.jpg 1024w, https:\/\/now.mur.at\/wp-content\/uploads\/2021\/08\/a9_kultur_europa_sport-300x193.jpg 300w, https:\/\/now.mur.at\/wp-content\/uploads\/2021\/08\/a9_kultur_europa_sport-768x494.jpg 768w, https:\/\/now.mur.at\/wp-content\/uploads\/2021\/08\/a9_kultur_europa_sport-1536x987.jpg 1536w, https:\/\/now.mur.at\/wp-content\/uploads\/2021\/08\/a9_kultur_europa_sport-1568x1008.jpg 1568w, https:\/\/now.mur.at\/wp-content\/uploads\/2021\/08\/a9_kultur_europa_sport.jpg 1772w\" sizes=\"auto, (max-width: 1024px) 100vw, 1024px\" \/><\/figure>\n<\/div>\n\n\n\n<div class=\"wp-block-column is-layout-flow wp-block-column-is-layout-flow\">\n<figure class=\"wp-block-image size-large\"><img loading=\"lazy\" decoding=\"async\" width=\"1024\" height=\"282\" src=\"http:\/\/now.mur.at\/wp-content\/uploads\/2021\/08\/graz-1024x282.jpg\" alt=\"\" class=\"wp-image-301\" srcset=\"https:\/\/now.mur.at\/wp-content\/uploads\/2021\/08\/graz-1024x282.jpg 1024w, https:\/\/now.mur.at\/wp-content\/uploads\/2021\/08\/graz-300x83.jpg 300w, https:\/\/now.mur.at\/wp-content\/uploads\/2021\/08\/graz-768x212.jpg 768w, https:\/\/now.mur.at\/wp-content\/uploads\/2021\/08\/graz-1536x423.jpg 1536w, https:\/\/now.mur.at\/wp-content\/uploads\/2021\/08\/graz-1568x432.jpg 1568w, https:\/\/now.mur.at\/wp-content\/uploads\/2021\/08\/graz.jpg 1890w\" sizes=\"auto, (max-width: 1024px) 100vw, 1024px\" \/><\/figure>\n<\/div>\n\n\n\n<div class=\"wp-block-column is-layout-flow wp-block-column-is-layout-flow\">\n<figure class=\"wp-block-image size-large\"><img loading=\"lazy\" decoding=\"async\" width=\"1024\" height=\"467\" src=\"http:\/\/now.mur.at\/wp-content\/uploads\/2023\/04\/1280px-Wien_logo.svg_-1024x467.png\" alt=\"\" class=\"wp-image-779\" srcset=\"https:\/\/now.mur.at\/wp-content\/uploads\/2023\/04\/1280px-Wien_logo.svg_-1024x467.png 1024w, https:\/\/now.mur.at\/wp-content\/uploads\/2023\/04\/1280px-Wien_logo.svg_-300x137.png 300w, https:\/\/now.mur.at\/wp-content\/uploads\/2023\/04\/1280px-Wien_logo.svg_-768x350.png 768w, https:\/\/now.mur.at\/wp-content\/uploads\/2023\/04\/1280px-Wien_logo.svg_.png 1280w\" sizes=\"auto, (max-width: 1024px) 100vw, 1024px\" \/><\/figure>\n<\/div>\n<\/div>\n\n\n\n<div style=\"height:100px\" aria-hidden=\"true\" class=\"wp-block-spacer\"><\/div>\n\n\n\n<p class=\"has-text-align-right has-normal-font-size\"><strong><a href=\"https:\/\/now.mur.at\/\" data-type=\"page\" data-id=\"9\">HOME<\/a><\/strong><\/p>\n<\/div><\/div>\n\n\n\n<p><\/p>\n","protected":false},"excerpt":{"rendered":"","protected":false},"author":2,"featured_media":0,"parent":0,"menu_order":0,"comment_status":"closed","ping_status":"closed","template":"","meta":{"footnotes":""},"class_list":["post-927","page","type-page","status-publish","hentry","entry"],"_links":{"self":[{"href":"https:\/\/now.mur.at\/index.php\/wp-json\/wp\/v2\/pages\/927","targetHints":{"allow":["GET"]}}],"collection":[{"href":"https:\/\/now.mur.at\/index.php\/wp-json\/wp\/v2\/pages"}],"about":[{"href":"https:\/\/now.mur.at\/index.php\/wp-json\/wp\/v2\/types\/page"}],"author":[{"embeddable":true,"href":"https:\/\/now.mur.at\/index.php\/wp-json\/wp\/v2\/users\/2"}],"replies":[{"embeddable":true,"href":"https:\/\/now.mur.at\/index.php\/wp-json\/wp\/v2\/comments?post=927"}],"version-history":[{"count":7,"href":"https:\/\/now.mur.at\/index.php\/wp-json\/wp\/v2\/pages\/927\/revisions"}],"predecessor-version":[{"id":955,"href":"https:\/\/now.mur.at\/index.php\/wp-json\/wp\/v2\/pages\/927\/revisions\/955"}],"wp:attachment":[{"href":"https:\/\/now.mur.at\/index.php\/wp-json\/wp\/v2\/media?parent=927"}],"curies":[{"name":"wp","href":"https:\/\/api.w.org\/{rel}","templated":true}]}}