{"id":933,"date":"2025-08-26T13:47:10","date_gmt":"2025-08-26T13:47:10","guid":{"rendered":"https:\/\/now.mur.at\/?page_id=933"},"modified":"2025-11-20T22:44:19","modified_gmt":"2025-11-20T22:44:19","slug":"reflex","status":"publish","type":"page","link":"https:\/\/now.mur.at\/index.php\/reflex\/","title":{"rendered":"RefleX"},"content":{"rendered":"\n<div class=\"wp-block-cover alignfull has-parallax\" style=\"min-height:482px;aspect-ratio:unset;\"><div class=\"wp-block-cover__image-background wp-image-959 size-large has-parallax\" style=\"background-position:50% 50%;background-image:url(https:\/\/now.mur.at\/wp-content\/uploads\/2025\/11\/Main_Seq_FloorScreens.00_46_03_26.Still040-728x1024.jpg)\"><\/div><span aria-hidden=\"true\" class=\"wp-block-cover__background has-background-dim\" style=\"background-color:#17262d\"><\/span><div class=\"wp-block-cover__inner-container is-layout-flow wp-block-cover-is-layout-flow\">\n<p class=\"has-text-align-right has-normal-font-size\"><strong><a href=\"https:\/\/www.antonisrouvelas.com\/\" target=\"_blank\" rel=\"noreferrer noopener\">Antonis Rouvelas<\/a><\/strong> (GRE\/AT) | Komposition, Video, <br>Lichtdesign, Inszenirung<br><a href=\"https:\/\/www.wienmodern.at\/2020-helena-sorokina-de\" data-type=\"link\" data-id=\"https:\/\/www.wienmodern.at\/2020-helena-sorokina-de\" target=\"_blank\" rel=\"noreferrer noopener\"><strong>Helena Sorokina<\/strong><\/a> (LV\/AT) | Gesang<br><a href=\"https:\/\/www.caroline-mayrhofer.net\/\" target=\"_blank\" rel=\"noreferrer noopener\"><strong>Caroline Mayrhofer<\/strong><\/a> (AT) | Blockfl\u00f6te<br><a href=\"https:\/\/elenagabbrielli.com\/\" target=\"_blank\" rel=\"noreferrer noopener\"><strong>Elena Gabbrielli<\/strong><\/a> (IT\/AT) | Fl\u00f6te<br><strong><a href=\"https:\/\/www.klangforum.at\/ensemble\/gerald-preinfalk\" target=\"_blank\" rel=\"noreferrer noopener\">Gerald Preinfalk<\/a> <\/strong>(AT) | Saxophon<br><strong><a href=\"https:\/\/www.sirene.at\/kuenstler\/schmidt-david\/\" target=\"_blank\" rel=\"noreferrer noopener\">David Schmidt<\/a><\/strong> (AT) | Trompete<br><strong>Nassos Ioannou<\/strong> (GRE\/AT) | Horn<br><a href=\"https:\/\/schagerl.com\/en\/news\/post\/pablo-marin-reyes-schagerl-artist\/\" target=\"_blank\" rel=\"noreferrer noopener\"><strong>Pablo Marin-Reyes<\/strong><\/a> (GT\/AT) | Posaune<br><a href=\"https:\/\/www.sirene.at\/kuenstler\/lolas-georgios\/\" target=\"_blank\" rel=\"noreferrer noopener\"><strong>George Lolas<\/strong><\/a> (MK\/AT) | Akkordeon<br><a href=\"https:\/\/www.klangforum.at\/ensemble\/dimitrios-polisoidis\" target=\"_blank\" rel=\"noreferrer noopener\"><strong>Dimitrios Polisoidis<\/strong><\/a> (GRE\/AT) | Bratsche<br><strong> <a href=\"https:\/\/annagrenzner.com\/\" target=\"_blank\" rel=\"noreferrer noopener\">Anna Grenzner<\/a><\/strong> (ESP\/AT) | Cello<br><strong><a href=\"https:\/\/www.schallfeldensemble.com\/de\/portfolio\/lorenzo-derinni-geige\/\" target=\"_blank\" rel=\"noreferrer noopener\">Lorenzo Derinni<\/a> <\/strong>(IT\/AT) | Geige<br><strong><a href=\"https:\/\/www.philippkienberger.com\/\" target=\"_blank\" rel=\"noreferrer noopener\">Philipp Kienberger<\/a> <\/strong>(AT) | Kontrabass<br><strong><a href=\"https:\/\/www.schallfeldensemble.com\/musicians\/leonhard-bio.html\" target=\"_blank\" rel=\"noreferrer noopener\">Leonhard Garms<\/a> <\/strong>(IT\/AT) | Dirigent<br><strong><a href=\"https:\/\/www.davidegagliardi.eu\/\" target=\"_blank\" rel=\"noreferrer noopener\">Davide Gagliardi<\/a> <\/strong>(IT\/AT) | Klangregie<br><strong><a href=\"https:\/\/alisakobzar.mur.at\/\" target=\"_blank\" rel=\"noreferrer noopener\">Alisa Kobzar<\/a><\/strong> (UKR\/AT) | Video Operator<\/p>\n\n\n\n<hr class=\"wp-block-separator has-alpha-channel-opacity\"\/>\n\n\n\n<p class=\"has-text-align-center has-small-font-size\"><strong>21. Dezember 2025<\/strong><br><strong>19:00<\/strong><br><strong> <\/strong><a href=\"https:\/\/www.theateramlend.at\/\" target=\"_blank\" rel=\"noreferrer noopener\"><strong>Theater am Lend<\/strong><\/a><strong>, Graz<\/strong> (AT)<br><br>15\u20ac\/10\u20ac<br><br>Reservierung unter:<br>now@mur.at<\/p>\n\n\n\n<p class=\"has-small-font-size\"><em>&#8230;they thought they were watching signals, shaped carefully, slowed down so you wouldn\u2019t question their source \u2014 moved like you expected, because we had rehearsed this expectation. And when the frame shifted back, even when it wasn\u2019t there, even when nothing was there, it struck the surface as weight, bent, adjusted, to show how easily you can hold meaning where there is none. Now everything has turned back to you again, now that nothing explains itself, but you still can name it if you look backwards&#8230;<\/em><\/p>\n\n\n\n<p class=\"has-small-font-size\">In <em>RefleX<\/em> verschmelzen Geste, Klang und Bild zu einem fluiden Feld, in dem kein Element \u00fcberwiegt und nichts sich vollst\u00e4ndig offenbart. In einem poetisch ausgeleuchteten Raum erscheinen Bewegung und Licht nicht als Begleitung der Musik, sondern als eigenst\u00e4ndige Kr\u00e4fte, die sich durchdringen, aufeinandersto\u00dfen und gegenseitig verwandeln.<br>Mehrere halbtransparente Projektionsfl\u00e4chen durchziehen den Raum und erm\u00f6glichen den Interpret:innen, mit Video-Reflexionen zu interagieren \u2013 Spuren einer k\u00f6rperlichen Handlung, die sich visuell transformieren und im Bewusstsein der Betrachtenden eine neue akustische Bedeutung entfalten. Die Videogesten sind keine Abbilder, sondern verschobene Spiegelungen \u2013 <em>reflexed traces<\/em> \u2013 einer Handlung, die durch Licht, Klang und Zeit wiederkehrt. So entsteht eine vielschichtige Erfahrung, in der die sinnlichen Ebenen einander nicht illustrieren, sondern sich zu einer untrennbaren, sich st\u00e4ndig wandelnden Pr\u00e4senz verweben.&nbsp;<br><em><br>RefleX<\/em> ist eine interdisziplin\u00e4re Musikperformance des Grazer Komponisten Antonis Rouvelas, die Musik, Video und Licht miteinander verbindet. Das Werk ist Teil seiner doktoratsbezogenen Forschung und wird von renommierten Musiker:innen aufgef\u00fchrt.<\/p>\n\n\n\n<hr class=\"wp-block-separator has-alpha-channel-opacity\"\/>\n\n\n\n<p class=\"has-extra-small-font-size\"><em>mit freundlicher Unterst\u00fctzung von<\/em><\/p>\n\n\n\n<div class=\"wp-block-columns is-layout-flex wp-container-core-columns-is-layout-9d6595d7 wp-block-columns-is-layout-flex\">\n<div class=\"wp-block-column is-layout-flow wp-block-column-is-layout-flow\">\n<figure class=\"wp-block-image size-large\"><img loading=\"lazy\" decoding=\"async\" width=\"1024\" height=\"538\" src=\"http:\/\/now.mur.at\/wp-content\/uploads\/2021\/08\/logoopeng-1024x538.jpg\" alt=\"\" class=\"wp-image-306\" srcset=\"https:\/\/now.mur.at\/wp-content\/uploads\/2021\/08\/logoopeng-1024x538.jpg 1024w, https:\/\/now.mur.at\/wp-content\/uploads\/2021\/08\/logoopeng-300x158.jpg 300w, https:\/\/now.mur.at\/wp-content\/uploads\/2021\/08\/logoopeng-768x403.jpg 768w, https:\/\/now.mur.at\/wp-content\/uploads\/2021\/08\/logoopeng.jpg 1200w\" sizes=\"auto, (max-width: 1024px) 100vw, 1024px\" \/><\/figure>\n<\/div>\n\n\n\n<div class=\"wp-block-column is-layout-flow wp-block-column-is-layout-flow\">\n<figure class=\"wp-block-image size-large\"><img loading=\"lazy\" decoding=\"async\" width=\"1024\" height=\"658\" src=\"http:\/\/now.mur.at\/wp-content\/uploads\/2021\/08\/a9_kultur_europa_sport-1024x658.jpg\" alt=\"\" class=\"wp-image-307\" srcset=\"https:\/\/now.mur.at\/wp-content\/uploads\/2021\/08\/a9_kultur_europa_sport-1024x658.jpg 1024w, https:\/\/now.mur.at\/wp-content\/uploads\/2021\/08\/a9_kultur_europa_sport-300x193.jpg 300w, https:\/\/now.mur.at\/wp-content\/uploads\/2021\/08\/a9_kultur_europa_sport-768x494.jpg 768w, https:\/\/now.mur.at\/wp-content\/uploads\/2021\/08\/a9_kultur_europa_sport-1536x987.jpg 1536w, https:\/\/now.mur.at\/wp-content\/uploads\/2021\/08\/a9_kultur_europa_sport-1568x1008.jpg 1568w, https:\/\/now.mur.at\/wp-content\/uploads\/2021\/08\/a9_kultur_europa_sport.jpg 1772w\" sizes=\"auto, (max-width: 1024px) 100vw, 1024px\" \/><\/figure>\n<\/div>\n\n\n\n<div class=\"wp-block-column is-layout-flow wp-block-column-is-layout-flow\">\n<figure class=\"wp-block-image size-large\"><img loading=\"lazy\" decoding=\"async\" width=\"1024\" height=\"282\" src=\"http:\/\/now.mur.at\/wp-content\/uploads\/2021\/08\/graz-1024x282.jpg\" alt=\"\" class=\"wp-image-301\" srcset=\"https:\/\/now.mur.at\/wp-content\/uploads\/2021\/08\/graz-1024x282.jpg 1024w, https:\/\/now.mur.at\/wp-content\/uploads\/2021\/08\/graz-300x83.jpg 300w, https:\/\/now.mur.at\/wp-content\/uploads\/2021\/08\/graz-768x212.jpg 768w, https:\/\/now.mur.at\/wp-content\/uploads\/2021\/08\/graz-1536x423.jpg 1536w, https:\/\/now.mur.at\/wp-content\/uploads\/2021\/08\/graz-1568x432.jpg 1568w, https:\/\/now.mur.at\/wp-content\/uploads\/2021\/08\/graz.jpg 1890w\" sizes=\"auto, (max-width: 1024px) 100vw, 1024px\" \/><\/figure>\n<\/div>\n\n\n\n<div class=\"wp-block-column is-layout-flow wp-block-column-is-layout-flow\">\n<figure class=\"wp-block-image size-full is-resized\"><img loading=\"lazy\" decoding=\"async\" width=\"255\" height=\"213\" src=\"http:\/\/now.mur.at\/wp-content\/uploads\/2021\/08\/ske_logo_top.jpg\" alt=\"\" class=\"wp-image-302\" style=\"width:104px;height:auto\"\/><\/figure>\n<\/div>\n<\/div>\n\n\n\n<p class=\"has-text-align-right has-normal-font-size\"><strong><a href=\"https:\/\/now.mur.at\/\" data-type=\"page\" data-id=\"9\">HOME<\/a><\/strong><\/p>\n<\/div><\/div>\n\n\n\n<p><\/p>\n","protected":false},"excerpt":{"rendered":"","protected":false},"author":2,"featured_media":0,"parent":0,"menu_order":0,"comment_status":"closed","ping_status":"closed","template":"","meta":{"footnotes":""},"class_list":["post-933","page","type-page","status-publish","hentry","entry"],"_links":{"self":[{"href":"https:\/\/now.mur.at\/index.php\/wp-json\/wp\/v2\/pages\/933","targetHints":{"allow":["GET"]}}],"collection":[{"href":"https:\/\/now.mur.at\/index.php\/wp-json\/wp\/v2\/pages"}],"about":[{"href":"https:\/\/now.mur.at\/index.php\/wp-json\/wp\/v2\/types\/page"}],"author":[{"embeddable":true,"href":"https:\/\/now.mur.at\/index.php\/wp-json\/wp\/v2\/users\/2"}],"replies":[{"embeddable":true,"href":"https:\/\/now.mur.at\/index.php\/wp-json\/wp\/v2\/comments?post=933"}],"version-history":[{"count":8,"href":"https:\/\/now.mur.at\/index.php\/wp-json\/wp\/v2\/pages\/933\/revisions"}],"predecessor-version":[{"id":968,"href":"https:\/\/now.mur.at\/index.php\/wp-json\/wp\/v2\/pages\/933\/revisions\/968"}],"wp:attachment":[{"href":"https:\/\/now.mur.at\/index.php\/wp-json\/wp\/v2\/media?parent=933"}],"curies":[{"name":"wp","href":"https:\/\/api.w.org\/{rel}","templated":true}]}}